{"id":3932,"date":"2022-11-17T11:47:22","date_gmt":"2022-11-17T11:47:22","guid":{"rendered":"https:\/\/irisvitalis.com\/?page_id=3932"},"modified":"2025-10-02T09:14:39","modified_gmt":"2025-10-02T09:14:39","slug":"2-mes-offres","status":"publish","type":"page","link":"https:\/\/irisvitalis.com\/de\/2-mes-offres\/","title":{"rendered":"Meine Angebote"},"content":{"rendered":"<p>[et_pb_section fb_built=&#8220;1&#8243; admin_label=&#8220;Vorteile\/Inhalte Sektion&#8220; module_id=&#8220;start&#8220; _builder_version=&#8220;4.7.4&#8243; _module_preset=&#8220;_initial&#8220; min_height=&#8220;937.3px&#8220; min_height_tablet=&#8220;1166.4px&#8220; custom_margin=&#8220;0px||-104px||false|false&#8220; custom_padding=&#8220;80px||0px||false|false&#8220; custom_padding_tablet=&#8220;60px||7px||false|false&#8220; custom_padding_phone=&#8220;40px||6px||false|false&#8220;][et_pb_row column_structure=&#8220;1_3,1_3,1_3&#8243; _builder_version=&#8220;4.7.7&#8243; _module_preset=&#8220;d61038e0-cb2d-4730-aa75-67ee203c5c45&#8243; max_width=&#8220;1413px&#8220; min_height=&#8220;612.3px&#8220; min_height_tablet=&#8220;1116.5px&#8220; custom_margin=&#8220;0px|auto|-9px|auto|false|false&#8220; custom_margin_tablet=&#8220;-66px|auto|0px|auto|false|false&#8220; custom_padding=&#8220;1px||3px|0px|false|false&#8220; custom_padding_tablet=&#8220;25px||8px|0px|false|false&#8220; custom_padding_phone=&#8220;30px||0px|0px|false|false&#8220;][et_pb_column type=&#8220;1_3&#8243; _builder_version=&#8220;4.6.6&#8243; positioning=&#8220;none&#8220; position_origin_a=&#8220;center_right&#8220; position_origin_a_last_edited=&#8220;off|desktop&#8220; position_origin_f_last_edited=&#8220;off|desktop&#8220; position_origin_r_last_edited=&#8220;off|desktop&#8220; positioning_tablet=&#8220;none&#8220; positioning_last_edited=&#8220;off|desktop&#8220;][et_pb_image src=&#8220;https:\/\/irisvitalis.com\/wp-content\/uploads\/2022\/07\/Reiki-klein.jpg&#8220; title_text=&#8220;Reiki klein&#8220; _builder_version=&#8220;4.7.7&#8243; _module_preset=&#8220;default&#8220; min_height=&#8220;213.5px&#8220; custom_padding=&#8220;9px|||||&#8220; border_radii=&#8220;on|7px|7px|7px|7px&#8220;][\/et_pb_image][et_pb_cta title=&#8220;Reiki&#8220; button_url=&#8220;https:\/\/irisvitalis.com\/de\/3-reiki\/&#8220; button_text=&#8220;Mehr Infos&#8220; _builder_version=&#8220;4.7.7&#8243; _module_preset=&#8220;default&#8220; header_font_size=&#8220;18px&#8220; header_line_height=&#8220;1em&#8220; body_line_height=&#8220;1em&#8220; width=&#8220;100%&#8220; min_height_tablet=&#8220;197.5px&#8220; custom_margin=&#8220;-4px|0px|-2px|0px|false|false&#8220; custom_margin_tablet=&#8220;-11px|0px|-23px|0px|false|false&#8220; custom_padding=&#8220;13px|6px|13px|6px|true|true&#8220; custom_padding_tablet=&#8220;9px|40px|19px|40px|false|true&#8220; button_text_size_tablet=&#8220;14px&#8220;]<\/p>\n<p><strong><\/strong><\/p>\n<p><strong>\u00a0Behandlung 1 Stunde<\/strong><\/p>\n<p><strong>50 \u20ac<\/strong><strong><\/strong><\/p>\n<p><span style=\"text-decoration: underline;\"><strong>Zur Vertiefung:<\/strong><\/span><\/p>\n<p><strong>4 Behandlungen in 4 Wochen = f\u00fcr die 4. berechne ich nur 10 \u20ac<br \/> <\/strong><\/p>\n<p>[\/et_pb_cta][\/et_pb_column][et_pb_column type=&#8220;1_3&#8243; _builder_version=&#8220;4.6.6&#8243; positioning=&#8220;none&#8220; position_origin_a=&#8220;center_right&#8220; position_origin_a_last_edited=&#8220;off|desktop&#8220; position_origin_f_last_edited=&#8220;off|desktop&#8220; position_origin_r_last_edited=&#8220;off|desktop&#8220; positioning_tablet=&#8220;none&#8220; positioning_last_edited=&#8220;off|desktop&#8220;][et_pb_image src=&#8220;https:\/\/irisvitalis.com\/wp-content\/uploads\/2022\/10\/craniosacral-7012994_12801.jpg&#8220; title_text=&#8220;craniosacral-7012994_1280(1)&#8220; _builder_version=&#8220;4.7.7&#8243; _module_preset=&#8220;default&#8220; min_height=&#8220;215.6px&#8220; custom_margin=&#8220;10px|32px|0px||false|false&#8220; custom_margin_tablet=&#8220;4px|32px|0px||false|false&#8220; custom_margin_phone=&#8220;&#8220; custom_margin_last_edited=&#8220;on|tablet&#8220; custom_padding=&#8220;0px|7px|0px|7px|false|true&#8220; custom_padding_tablet=&#8220;11px|7px|0px|7px|false|true&#8220; border_radii=&#8220;on|7px|7px|7px|7px&#8220;][\/et_pb_image][et_pb_cta title=&#8220;Jin Shin Jyutsu&#8220; button_url=&#8220;https:\/\/irisvitalis.com\/de\/4-jin-shin-jyutsu\/&#8220; button_text=&#8220;Mehr Infos&#8220; _builder_version=&#8220;4.7.7&#8243; _module_preset=&#8220;default&#8220; header_font_size=&#8220;18px&#8220; header_line_height=&#8220;1em&#8220; body_line_height=&#8220;1em&#8220; width=&#8220;100%&#8220; min_height_tablet=&#8220;316.5px&#8220; custom_padding=&#8220;48px|0px|48px|0px|true|true&#8220; custom_padding_tablet=&#8220;29px|40px|3px|40px|false|true&#8220; header_font_tablet=&#8220;&#8220; header_font_phone=&#8220;&#8220; header_font_last_edited=&#8220;on|tablet&#8220; button_text_size_tablet=&#8220;14px&#8220;]<\/p>\n<p><strong><\/strong><\/p>\n<p><strong><\/strong><strong>Behandlung 1 Stunde<br \/> <\/strong><\/p>\n<p><strong>50 \u20ac<\/strong><\/p>\n<p><span style=\"text-decoration: underline;\"><strong>Zur Vertiefung:<\/strong><\/span><\/p>\n<p><strong>4 Behandlungen in 4 Wochen = f\u00fcr die 4. berechne ich nur 10 \u20ac<\/strong><\/p>\n<p><strong>F\u00fcr Tiere:<\/strong><\/p>\n<p><strong>50 \u20ac \/ Stunde<\/strong><\/p>\n<p><strong>plus Fahrtkosten 0,30 \u20ac\/km<\/strong><\/p>\n<p>[\/et_pb_cta][\/et_pb_column][et_pb_column type=&#8220;1_3&#8243; _builder_version=&#8220;4.7.7&#8243; _module_preset=&#8220;default&#8220;][et_pb_image src=&#8220;https:\/\/irisvitalis.com\/wp-content\/uploads\/2022\/07\/romanesco-3493007_640.jpg&#8220; title_text=&#8220;romanesco-3493007_640&#8243; _builder_version=&#8220;4.7.7&#8243; _module_preset=&#8220;default&#8220; min_height=&#8220;176.1px&#8220; custom_margin=&#8220;6px||0px||false|false&#8220; custom_margin_tablet=&#8220;0px||0px||false|false&#8220; custom_margin_phone=&#8220;&#8220; custom_margin_last_edited=&#8220;on|tablet&#8220; custom_padding=&#8220;49px|0px|5px|0px|false|true&#8220; custom_padding_tablet=&#8220;28px|0px|6px|0px|false|true&#8220; custom_padding_phone=&#8220;17px|0px|5px|0px|false|true&#8220; border_radii=&#8220;on|7px|7px|7px|7px&#8220;][\/et_pb_image][et_pb_cta title=&#8220;Ern\u00e4hrungsberater Schwerpunkt vegan und roh&#8220; button_url=&#8220;https:\/\/irisvitalis.com\/de\/5-alimentation-vivante\/&#8220; button_text=&#8220;Mehr Infos&#8220; _builder_version=&#8220;4.7.7&#8243; _module_preset=&#8220;default&#8220; header_font_size=&#8220;18px&#8220; header_line_height=&#8220;1em&#8220; body_line_height=&#8220;1em&#8220; width_tablet=&#8220;100%&#8220; max_width_tablet=&#8220;100%&#8220; min_height=&#8220;478.5px&#8220; custom_margin=&#8220;0px|0px|-2px|0px|false|false&#8220; custom_margin_tablet=&#8220;0px|0px|-2px|0px|false|false&#8220; custom_padding=&#8220;39px|14px|39px|14px|false|true&#8220; custom_padding_tablet=&#8220;14px|37px|14px|37px|true|true&#8220; button_text_size_tablet=&#8220;14px&#8220; button_text_size_phone=&#8220;14px&#8220;]<\/p>\n<p><strong><\/strong><\/p>\n<p><strong><span style=\"text-decoration: underline;\">Vor Ort oder per Video<\/span><br \/> <\/strong><\/p>\n<p><strong>Erste Beratung<\/strong><\/p>\n<p><strong>60 \u20ac<\/strong><\/p>\n<p><strong>Weitere Gespr\u00e4che<br \/> <\/strong><\/p>\n<p><strong>50 \u20ac<\/strong><\/p>\n<p><strong>2-monatige Intensivberatung<\/strong><strong><\/strong><\/p>\n<p><strong>(5 Gespr\u00e4che + Rezepte + regelm\u00e4\u00dfige Tipps)<br \/> <\/strong><\/p>\n<p><strong>300 \u20ac<\/strong><\/p>\n<p>[\/et_pb_cta][\/et_pb_column][\/et_pb_row][\/et_pb_section][et_pb_section fb_built=&#8220;1&#8243; custom_padding_last_edited=&#8220;on|tablet&#8220; admin_label=&#8220;Hero Sektion&#8220; _builder_version=&#8220;4.7.7&#8243; _module_preset=&#8220;_initial&#8220; background_color=&#8220;#f7f6f5&#8243; min_height=&#8220;683px&#8220; min_height_tablet=&#8220;739.4px&#8220; min_height_phone=&#8220;961.5px&#8220; custom_margin=&#8220;-29px||0px||false|false&#8220; custom_margin_tablet=&#8220;107px||0px||false|false&#8220; custom_margin_phone=&#8220;94px||0px||false|false&#8220; custom_margin_last_edited=&#8220;on|phone&#8220; custom_padding=&#8220;118px||0px||false|false&#8220; custom_padding_tablet=&#8220;0px||0px||false|false&#8220; custom_padding_phone=&#8220;0px||0px||false|false&#8220;][et_pb_row column_structure=&#8220;3_5,2_5&#8243; custom_padding_last_edited=&#8220;on|phone&#8220; _builder_version=&#8220;4.7.7&#8243; _module_preset=&#8220;a0ac3f8a-79bb-4436-9d05-4b6f48f2ab1c&#8220; background_color=&#8220;#f7f6f5&#8243; min_height_tablet=&#8220;754.4px&#8220; min_height_phone=&#8220;993.5px&#8220; custom_margin=&#8220;-55px|auto|0px|auto|false|false&#8220; custom_margin_phone=&#8220;-3px|auto|21px|auto|false|false&#8220; custom_padding=&#8220;0px||0px||false|false&#8220; custom_padding_tablet=&#8220;0px||0px||false|false&#8220; custom_padding_phone=&#8220;0px||0px||false|false&#8220;][et_pb_column type=&#8220;3_5&#8243; _builder_version=&#8220;4.7.7&#8243; border_radii=&#8220;off||7px|7px|&#8220;][et_pb_image src=&#8220;https:\/\/irisvitalis.com\/wp-content\/uploads\/2022\/08\/IMG_1066-scaled.jpg&#8220; title_text=&#8220;IMG_1066&#8243; force_fullwidth=&#8220;off&#8220; _builder_version=&#8220;4.7.7&#8243; _module_preset=&#8220;default&#8220; width=&#8220;72%&#8220; min_height=&#8220;559px&#8220; min_height_tablet=&#8220;404px&#8220; height=&#8220;636px&#8220; custom_margin=&#8220;0px|-41px|0px|126px|false|false&#8220; custom_padding=&#8220;0px|0px|2px||false|false&#8220; custom_padding_tablet=&#8220;0px||0px|0px|false|false&#8220; custom_padding_phone=&#8220;0px|0px|0px|0px|false|false&#8220; border_radii=&#8220;on|7px|7px|7px|7px&#8220;][\/et_pb_image][\/et_pb_column][et_pb_column type=&#8220;2_5&#8243; _builder_version=&#8220;4.7.7&#8243; custom_padding=&#8220;|10%|||false|false&#8220; custom_padding_tablet=&#8220;|||0%|false|false&#8220; custom_padding_phone=&#8220;|||||true&#8220; custom_padding_last_edited=&#8220;on|phone&#8220;][et_pb_text _builder_version=&#8220;4.7.7&#8243; _module_preset=&#8220;default&#8220; text_text_color=&#8220;#3c2c17&#8243; header_text_align=&#8220;left&#8220; header_2_text_align=&#8220;left&#8220; width_phone=&#8220;100%&#8220; max_width=&#8220;100%&#8220; max_width_phone=&#8220;100%&#8220; min_height_tablet=&#8220;296.7px&#8220; min_height_phone=&#8220;413.4px&#8220; custom_margin=&#8220;0px||0px|175px|false|false&#8220; custom_margin_tablet=&#8220;-26px||0px|-178px|false|false&#8220; custom_margin_phone=&#8220;2px|10px|0px|-178px|false|false&#8220; custom_padding=&#8220;0px||0px|0px|false|false&#8220; custom_padding_tablet=&#8220;16px|0px|0px|72px|false|false&#8220; custom_padding_phone=&#8220;1px|0px|11px|0px|false|true&#8220; header_text_align_tablet=&#8220;center&#8220; header_text_align_phone=&#8220;&#8220; header_text_align_last_edited=&#8220;on|tablet&#8220; header_2_text_align_tablet=&#8220;center&#8220; header_4_text_align_tablet=&#8220;center&#8220; text_orientation_tablet=&#8220;center&#8220; text_orientation_phone=&#8220;center&#8220; text_orientation_last_edited=&#8220;on|tablet&#8220; module_alignment_phone=&#8220;center&#8220;]<\/p>\n<h4 style=\"text-align: justify;\">Meine Geschichte<\/h4>\n<p style=\"line-height: 120%; margin-bottom: 0cm;\" lang=\"de-DE\" align=\"left\"><span style=\"font-family: Poppins;\" face=\"Poppins\">Angefangen hat alles mit Mitte 40, als mein K\u00f6rper sich ver\u00e4nderte und ich jedes Jahr 1 Kilo zunahm. Auf der Suche nach einer L\u00f6sung bin ich auf die vegane und anschlie\u00dfend auf die <\/span><span style=\"font-family: Poppins;\" face=\"Poppins\">l<\/span><span style=\"font-family: Poppins;\" face=\"Poppins\">ebendige<\/span><span style=\"font-family: Poppins;\" face=\"Poppins\"> Ern\u00e4hrung gesto\u00dfen. Damit haben sich mein K\u00f6rper und mein Leben sehr zum Positiven ver\u00e4ndert: Ich nahm kontinuierlich und mit Genuss ab, mein Energielevel fuhr so hoch, dass ich angefangen habe, immer mehr Sport zu machen, weil ich mich mit dieser Energie einfach bewegen musste. <\/span><\/p>\n<p style=\"line-height: 120%; margin-bottom: 0cm;\" align=\"left\"><span style=\"font-family: Poppins;\" face=\"Poppins\"><span lang=\"de-DE\">Durch diese Ern\u00e4hrungsumstellung und damit meine innere Reinigung sah ich viele Dinge auf einmal in einem ganz anderen Licht, \u00f6ffnete mich f\u00fcr alternative Heilmethoden und lernte so <\/span><\/span><span style=\"color: #1e6a39;\" color=\"#1e6a39\"><span style=\"font-family: Poppins;\" face=\"Poppins\"><span lang=\"de-DE\"><span style=\"text-decoration: none;\">Reiki<\/span><\/span><\/span><\/span><span style=\"font-family: Poppins;\" face=\"Poppins\"><span lang=\"de-DE\"> und <\/span><\/span><span style=\"color: #1e6a39;\" color=\"#1e6a39\"><span style=\"font-family: Poppins;\" face=\"Poppins\"><span lang=\"de-DE\"><span style=\"text-decoration: none;\">Jin Shin Jyutsu<\/span><\/span><\/span><\/span><span style=\"font-family: Poppins;\" face=\"Poppins\"><span lang=\"de-DE\"> kennen und sch\u00e4tzen. Ich habe mich kontinuierlich weitergebildet und in 2022 kam noch die Ausbildung <\/span><\/span><span style=\"font-family: Poppins;\" face=\"Poppins\"><span lang=\"de-DE\">bei <\/span><\/span><a href=\"https:\/\/deine-ernaehrung.de\/\"><span style=\"color: #3465a4;\" color=\"#3465a4\"><span style=\"font-family: Poppins;\" face=\"Poppins\"><span lang=\"de-DE\">https:\/\/deine-ernaehrung.de<\/span><\/span><\/span><\/a><span style=\"font-family: Poppins;\" face=\"Poppins\"><span lang=\"de-DE\"> zur <\/span><\/span><span style=\"color: #1e6a39;\" color=\"#1e6a39\"><span style=\"font-family: Poppins;\" face=\"Poppins\"><span lang=\"de-DE\">Ern\u00e4hrungsberaterin mit Schwerpunkt lebendige Ern\u00e4hrung<\/span><\/span><\/span><span style=\"font-family: Poppins;\" face=\"Poppins\"><span lang=\"de-DE\"> dazu. Jetzt ist alles rund und K\u00f6rper, Geist und Seele sind in Harmonie.<\/span><\/span><\/p>\n<p style=\"line-height: 120%; margin-bottom: 0cm;\" align=\"left\"><span style=\"font-family: Poppins;\" face=\"Poppins\">In 2022 habe ich mir meinen Traum erf\u00fcllt, den Schritt in die Selbst\u00e4ndigkeit gewagt und jetzt widme ich mich zu 100\u00a0% meiner Leidenschaft.<\/span><span style=\"font-family: Poppins;\" face=\"Poppins\"><\/span><\/p>\n<p style=\"line-height: 120%; margin-bottom: 0cm;\" align=\"left\">\n<p style=\"margin-top: 0.3cm; margin-bottom: 0.3cm; line-height: 120%;\" align=\"left\"><span style=\"font-family: Poppins;\" face=\"Poppins\"><\/span><\/p>\n<p>[\/et_pb_text][\/et_pb_column][\/et_pb_row][et_pb_row custom_padding_last_edited=&#8220;on|phone&#8220; _builder_version=&#8220;4.7.7&#8243; _module_preset=&#8220;d61038e0-cb2d-4730-aa75-67ee203c5c45&#8243; background_color=&#8220;#f7f6f5&#8243; custom_padding=&#8220;53px|0px|43px|0px|false|false&#8220; custom_padding_tablet=&#8220;22px|0px|46px||false|false&#8220; custom_padding_phone=&#8220;||0px||false|false&#8220;][et_pb_column type=&#8220;4_4&#8243; _builder_version=&#8220;4.7.7&#8243; custom_padding=&#8220;|||2%|false|false&#8220; custom_padding_tablet=&#8220;|||0%|false|false&#8220;][et_pb_text _builder_version=&#8220;4.7.7&#8243; _module_preset=&#8220;default&#8220; text_text_color=&#8220;#3c2c17&#8243; header_text_align=&#8220;left&#8220; header_2_text_align=&#8220;left&#8220; header_4_text_align=&#8220;center&#8220; text_orientation=&#8220;center&#8220; custom_padding=&#8220;0px|0px|0px|81px|false|false&#8220; custom_padding_tablet=&#8220;0px|0px|0px|2px|false|false&#8220; custom_padding_phone=&#8220;0px|0px|0px|7px|false|false&#8220; header_text_align_tablet=&#8220;&#8220; header_text_align_phone=&#8220;&#8220; header_text_align_last_edited=&#8220;on|tablet&#8220; header_2_text_align_tablet=&#8220;center&#8220; header_4_text_align_tablet=&#8220;center&#8220; text_orientation_tablet=&#8220;center&#8220;]<\/p>\n<h4>Ich freue mich \u00fcber eine Nachricht von Ihnen!<\/h4>\n<p style=\"line-height: 120%; margin-bottom: 0cm;\" lang=\"de-DE\" align=\"left\"><span style=\"font-family: Poppins;\" face=\"Poppins\">Gerne k\u00f6nne Sie Kontakt mit mir aufnehmen, um einen Termin zu vereinbaren oder mehr Informationen zu e<\/span><span style=\"font-family: Poppins;\" face=\"Poppins\">rhalten<\/span><span style=\"font-family: Poppins;\" face=\"Poppins\">.<\/span><\/p>\n<p><span style=\"font-family: Poppins;\" face=\"Poppins\">\u00a0<\/span><\/p>\n<p>[\/et_pb_text][et_pb_button button_url=&#8220;https:\/\/irisvitalis.com\/de\/7-contact&#8220; button_text=&#8220;KONTAKT&#8220; button_alignment_tablet=&#8220;center&#8220; button_alignment_phone=&#8220;center&#8220; _builder_version=&#8220;4.7.7&#8243; _module_preset=&#8220;default&#8220; custom_margin_phone=&#8220;10px||28px||false|false&#8220; button_text_size_phone=&#8220;14px&#8220;][\/et_pb_button][\/et_pb_column][\/et_pb_row][\/et_pb_section]<\/p>\n","protected":false},"excerpt":{"rendered":"<p>[et_pb_section fb_built=&#8220;1&#8243; admin_label=&#8220;Vorteile\/Inhalte Sektion&#8220; module_id=&#8220;start&#8220; _builder_version=&#8220;4.7.4&#8243; _module_preset=&#8220;_initial&#8220; min_height=&#8220;937.3px&#8220; min_height_tablet=&#8220;1166.4px&#8220; custom_margin=&#8220;0px||-104px||false|false&#8220; custom_padding=&#8220;80px||0px||false|false&#8220; custom_padding_tablet=&#8220;60px||7px||false|false&#8220; custom_padding_phone=&#8220;40px||6px||false|false&#8220;][et_pb_row column_structure=&#8220;1_3,1_3,1_3&#8243; _builder_version=&#8220;4.7.7&#8243; _module_preset=&#8220;d61038e0-cb2d-4730-aa75-67ee203c5c45&#8243; max_width=&#8220;1413px&#8220; min_height=&#8220;612.3px&#8220; min_height_tablet=&#8220;1116.5px&#8220; custom_margin=&#8220;0px|auto|-9px|auto|false|false&#8220; custom_margin_tablet=&#8220;-66px|auto|0px|auto|false|false&#8220; custom_padding=&#8220;1px||3px|0px|false|false&#8220; custom_padding_tablet=&#8220;25px||8px|0px|false|false&#8220; custom_padding_phone=&#8220;30px||0px|0px|false|false&#8220;][et_pb_column type=&#8220;1_3&#8243; _builder_version=&#8220;4.6.6&#8243; positioning=&#8220;none&#8220; position_origin_a=&#8220;center_right&#8220; position_origin_a_last_edited=&#8220;off|desktop&#8220; position_origin_f_last_edited=&#8220;off|desktop&#8220; position_origin_r_last_edited=&#8220;off|desktop&#8220; positioning_tablet=&#8220;none&#8220; positioning_last_edited=&#8220;off|desktop&#8220;][et_pb_image src=&#8220;https:\/\/irisvitalis.com\/wp-content\/uploads\/2022\/07\/Reiki-klein.jpg&#8220; title_text=&#8220;Reiki klein&#8220; _builder_version=&#8220;4.7.7&#8243; _module_preset=&#8220;default&#8220; min_height=&#8220;213.5px&#8220; custom_padding=&#8220;9px|||||&#8220; border_radii=&#8220;on|7px|7px|7px|7px&#8220;][\/et_pb_image][et_pb_cta title=&#8220;Reiki&#8220; button_url=&#8220;https:\/\/irisvitalis.com\/de\/3-reiki\/&#8220; button_text=&#8220;Mehr Infos&#8220; _builder_version=&#8220;4.7.7&#8243; _module_preset=&#8220;default&#8220; header_font_size=&#8220;18px&#8220; header_line_height=&#8220;1em&#8220; body_line_height=&#8220;1em&#8220; width=&#8220;100%&#8220; min_height_tablet=&#8220;197.5px&#8220; custom_margin=&#8220;-4px|0px|-2px|0px|false|false&#8220; custom_margin_tablet=&#8220;-11px|0px|-23px|0px|false|false&#8220; custom_padding=&#8220;13px|6px|13px|6px|true|true&#8220; [&hellip;]<\/p>\n","protected":false},"author":1,"featured_media":0,"parent":0,"menu_order":0,"comment_status":"closed","ping_status":"closed","template":"","meta":{"_et_pb_use_builder":"on","_et_pb_old_content":"","_et_gb_content_width":"","footnotes":""},"yoast_head":"<!-- This site is optimized with the Yoast SEO plugin v15.5 - https:\/\/yoast.com\/wordpress\/plugins\/seo\/ -->\n<title>Meine Angebote - IrisVitalis<\/title>\n<meta name=\"description\" content=\"Reiki, Jin Shin Jyutsu, Coach en alimentation vivante, Communication animale, Diebling, Moselle, Mes offres\" \/>\n<meta name=\"robots\" content=\"index, follow, max-snippet:-1, max-image-preview:large, max-video-preview:-1\" \/>\n<link rel=\"canonical\" href=\"https:\/\/irisvitalis.com\/de\/2-mes-offres\/\" \/>\n<meta property=\"og:locale\" content=\"de_DE\" \/>\n<meta property=\"og:type\" content=\"article\" \/>\n<meta property=\"og:title\" content=\"Meine Angebote - IrisVitalis\" \/>\n<meta property=\"og:description\" content=\"Reiki, Jin Shin Jyutsu, Coach en alimentation vivante, Communication animale, Diebling, Moselle, Mes offres\" \/>\n<meta property=\"og:url\" content=\"https:\/\/irisvitalis.com\/de\/2-mes-offres\/\" \/>\n<meta property=\"og:site_name\" content=\"IrisVitalis\" \/>\n<meta property=\"article:modified_time\" content=\"2025-10-02T09:14:39+00:00\" \/>\n<meta name=\"twitter:card\" content=\"summary_large_image\" \/>\n<meta name=\"twitter:label1\" content=\"Gesch\u00e4tzte Lesezeit\">\n\t<meta name=\"twitter:data1\" content=\"6\u00a0Minuten\">\n<script type=\"application\/ld+json\" class=\"yoast-schema-graph\">{\"@context\":\"https:\/\/schema.org\",\"@graph\":[{\"@type\":\"WebSite\",\"@id\":\"https:\/\/irisvitalis.com\/de\/#website\",\"url\":\"https:\/\/irisvitalis.com\/de\/\",\"name\":\"IrisVitalis\",\"description\":\"Reiki, Jin Shin Jyutsu f\\u00fcr Mensch und Tier, Ern\\u00e4hrungsberatung\",\"potentialAction\":[{\"@type\":\"SearchAction\",\"target\":\"https:\/\/irisvitalis.com\/de\/?s={search_term_string}\",\"query-input\":\"required name=search_term_string\"}],\"inLanguage\":\"de\"},{\"@type\":\"WebPage\",\"@id\":\"https:\/\/irisvitalis.com\/de\/2-mes-offres\/#webpage\",\"url\":\"https:\/\/irisvitalis.com\/de\/2-mes-offres\/\",\"name\":\"Meine Angebote - IrisVitalis\",\"isPartOf\":{\"@id\":\"https:\/\/irisvitalis.com\/de\/#website\"},\"datePublished\":\"2022-11-17T11:47:22+00:00\",\"dateModified\":\"2025-10-02T09:14:39+00:00\",\"description\":\"Reiki, Jin Shin Jyutsu, Coach en alimentation vivante, Communication animale, Diebling, Moselle, Mes offres\",\"inLanguage\":\"de\",\"potentialAction\":[{\"@type\":\"ReadAction\",\"target\":[\"https:\/\/irisvitalis.com\/de\/2-mes-offres\/\"]}]}]}<\/script>\n<!-- \/ Yoast SEO plugin. -->","_links":{"self":[{"href":"https:\/\/irisvitalis.com\/de\/wp-json\/wp\/v2\/pages\/3932"}],"collection":[{"href":"https:\/\/irisvitalis.com\/de\/wp-json\/wp\/v2\/pages"}],"about":[{"href":"https:\/\/irisvitalis.com\/de\/wp-json\/wp\/v2\/types\/page"}],"author":[{"embeddable":true,"href":"https:\/\/irisvitalis.com\/de\/wp-json\/wp\/v2\/users\/1"}],"replies":[{"embeddable":true,"href":"https:\/\/irisvitalis.com\/de\/wp-json\/wp\/v2\/comments?post=3932"}],"version-history":[{"count":11,"href":"https:\/\/irisvitalis.com\/de\/wp-json\/wp\/v2\/pages\/3932\/revisions"}],"predecessor-version":[{"id":4220,"href":"https:\/\/irisvitalis.com\/de\/wp-json\/wp\/v2\/pages\/3932\/revisions\/4220"}],"wp:attachment":[{"href":"https:\/\/irisvitalis.com\/de\/wp-json\/wp\/v2\/media?parent=3932"}],"curies":[{"name":"wp","href":"https:\/\/api.w.org\/{rel}","templated":true}]}}