{"id":3940,"date":"2020-03-04T18:11:05","date_gmt":"2020-03-04T18:11:05","guid":{"rendered":"https:\/\/irisvitalis.com\/?page_id=3940"},"modified":"2022-11-21T15:42:40","modified_gmt":"2022-11-21T15:42:40","slug":"3-reiki","status":"publish","type":"page","link":"https:\/\/irisvitalis.com\/de\/3-reiki\/","title":{"rendered":"3 &#8211; Reiki"},"content":{"rendered":"<p>[et_pb_section fb_built=&#8220;1&#8243; custom_padding_last_edited=&#8220;on|tablet&#8220; admin_label=&#8220;Hero Sektion&#8220; _builder_version=&#8220;4.7.7&#8243; _module_preset=&#8220;_initial&#8220; background_color=&#8220;#f7f6f5&#8243; custom_margin_tablet=&#8220;&#8220; custom_margin_phone=&#8220;&#8220; custom_margin_last_edited=&#8220;on|phone&#8220; custom_padding=&#8220;0px||0px||false|false&#8220; custom_padding_tablet=&#8220;50px||0px||false|false&#8220; custom_padding_phone=&#8220;25px||0px||false|false&#8220;][et_pb_row column_structure=&#8220;2_5,3_5&#8243; custom_padding_last_edited=&#8220;on|tablet&#8220; _builder_version=&#8220;4.7.7&#8243; _module_preset=&#8220;_initial&#8220; background_color=&#8220;#f7f6f5&#8243; custom_padding=&#8220;40px||0px|0px|false|false&#8220; custom_padding_tablet=&#8220;30px||69px|0px|false|false&#8220; custom_padding_phone=&#8220;2px||0px|0px|false|false&#8220;][et_pb_column type=&#8220;2_5&#8243; disabled_on=&#8220;on|on|off&#8220; _builder_version=&#8220;4.7.7&#8243; border_radii=&#8220;off||7px|7px|&#8220;][et_pb_image src=&#8220;https:\/\/irisvitalis.com\/wp-content\/uploads\/2022\/07\/Reiki-klein.jpg&#8220; title_text=&#8220;Reiki klein&#8220; force_fullwidth=&#8220;off&#8220; disabled_on=&#8220;on|on|off&#8220; _builder_version=&#8220;4.7.7&#8243; _module_preset=&#8220;default&#8220; width=&#8220;71%&#8220; width_tablet=&#8220;98.6%&#8220; custom_margin=&#8220;0px|76px|0px|75px|false|false&#8220; custom_padding=&#8220;0px|0px|0px||false|false&#8220; custom_padding_phone=&#8220;0px|0px|0px|13px|false|false&#8220; border_radii=&#8220;on|7px|7px|7px|7px&#8220; saved_tabs=&#8220;all&#8220;][\/et_pb_image][\/et_pb_column][et_pb_column type=&#8220;3_5&#8243; _builder_version=&#8220;4.7.7&#8243; custom_padding=&#8220;|||2%|false|false&#8220; custom_padding_tablet=&#8220;|||0%|false|false&#8220;][et_pb_text _builder_version=&#8220;4.7.7&#8243; _module_preset=&#8220;default&#8220; text_text_color=&#8220;#3c2c17&#8243; header_text_align=&#8220;left&#8220; header_2_text_align=&#8220;left&#8220; max_width=&#8220;587px&#8220; module_alignment=&#8220;left&#8220; custom_margin=&#8220;0px|-182px|0px|-34px|false|false&#8220; custom_padding=&#8220;0px|0px|0px|0px|false|false&#8220; text_font_tablet=&#8220;&#8220; text_font_phone=&#8220;&#8220; text_font_last_edited=&#8220;on|desktop&#8220; header_text_align_tablet=&#8220;center&#8220; header_text_align_phone=&#8220;&#8220; header_text_align_last_edited=&#8220;on|tablet&#8220; header_2_text_align_tablet=&#8220;center&#8220;]<\/p>\n<h4>Die Urspr\u00fcnge des Reiki<\/h4>\n<p style=\"text-align: justify;\">Reiki ist eine sehr alte Heilmethode, die bereits vor \u00fcber 2500 Jahren in den alten Sanskrit-Sutras erw\u00e4hnt und im 19. Jahrhundert von Dr. Mikao Usui (15.08.1865-09.03.1926), einem japanischen buddhistischen M\u00f6nch, wiederentdeckt wurde. Diese Methode kam Anfang der 1980er Jahre nach Europa. Bis heute haben viele Menschen Reiki zu einem wichtigen Teil ihres Lebens gemacht.<\/p>\n<p style=\"text-align: center;\"><strong>Behandlung 1 Stunde<\/strong><\/p>\n<p style=\"text-align: center;\"><strong>50 \u20ac<\/strong><\/p>\n<p style=\"text-align: center;\"><strong><span style=\"text-decoration: underline;\">Zur Vertiefung<\/span>: <\/strong><\/p>\n<p style=\"text-align: center;\"><strong>Bei 4 Behandlungen in 4 Wochen <\/strong><\/p>\n<p style=\"text-align: center;\"><strong>berechne ich die 4. mit nur<\/strong><strong>\u00a0 10 \u20ac<\/strong><\/p>\n<p>[\/et_pb_text][\/et_pb_column][\/et_pb_row][\/et_pb_section][et_pb_section fb_built=&#8220;1&#8243; admin_label=&#8220;Intro Sektion&#8220; _builder_version=&#8220;4.7.7&#8243; custom_margin_tablet=&#8220;-9px||0px||false|false&#8220; custom_padding=&#8220;19px||30px||false|false&#8220; custom_padding_tablet=&#8220;17px||60px||false|false&#8220; custom_padding_phone=&#8220;2px||0px||false|false&#8220;][et_pb_row column_structure=&#8220;1_2,1_2&#8243; module_id=&#8220;mehr&#8220; _builder_version=&#8220;4.7.7&#8243; _module_preset=&#8220;699a1a14-aa99-453a-ab2e-46d49b6bbd5e&#8220; width=&#8220;82%&#8220; width_tablet=&#8220;&#8220; width_phone=&#8220;&#8220; width_last_edited=&#8220;on|tablet&#8220; max_width=&#8220;1162px&#8220; min_height_tablet=&#8220;480.6px&#8220; custom_margin_tablet=&#8220;0px|auto|-28px|auto|false|false&#8220; custom_padding=&#8220;22px||0px||false|false&#8220; custom_padding_tablet=&#8220;16px|0px|0px|3px|false|false&#8220; custom_padding_phone=&#8220;4px||0px||false|false&#8220;][et_pb_column type=&#8220;1_2&#8243; _builder_version=&#8220;4.6.6&#8243; _module_preset=&#8220;default&#8220;][et_pb_text _builder_version=&#8220;4.7.7&#8243; _module_preset=&#8220;default&#8220; text_text_color=&#8220;#3c2c17&#8243; min_height_phone=&#8220;644.2px&#8220; custom_margin=&#8220;0px||0px|-40px|false|false&#8220; custom_margin_tablet=&#8220;0px||-41px|-43px|false|false&#8220; custom_margin_phone=&#8220;0px||-31px|-43px|false|false&#8220; custom_padding=&#8220;44px||0px||false|false&#8220; custom_padding_tablet=&#8220;0px|0px|15px||false|false&#8220; custom_padding_phone=&#8220;0px||0px||false|false&#8220; text_font_size_tablet=&#8220;18px&#8220; text_font_size_phone=&#8220;16px&#8220; header_4_font_size_phone=&#8220;20px&#8220;]<\/p>\n<h4>Reiki &#8211; Was ist das?<\/h4>\n<p style=\"text-align: justify;\">Reiki ist ein japanisches Wort und bedeutet universelle Lebensenergie (&#8222;Rei&#8220; bedeutet universell &#8211; &#8222;ki&#8220; ist die Lebensenergie) und ist der Name einer uralten Entspannungs- und Heilmethode, die es uns erm\u00f6glicht, die \u00dcbertragung dieser Energie durch sanftes Handauflegen zu intensivieren. Reiki beinhaltet keinen bestimmten Glauben oder eine bestimmte Religion. Nicht der Glaube ist ausschlaggebend, sondern die Tatsache, dass man f\u00fcr diese Praxis offen ist. Der Person, die Reiki gibt, wird ihre pers\u00f6nliche Kraft nicht entzogen. Sie ist lediglich ein Kanal f\u00fcr die Energie, die sich den Bed\u00fcrfnissen des Empf\u00e4ngers anpasst. Der Reiki-Empf\u00e4nger erh\u00e4lt nur die Menge an reiner Energie, die er ben\u00f6tigt. Eine Person, deren K\u00f6rper ausreichend und harmonisch mit Lebensenergie versorgt wird, erfreut sich einer ausgezeichneten k\u00f6rperlichen, emotionalen und geistigen Gesundheit. Reiki f\u00f6rdert die ganzheitliche Selbstheilung und kann als Erg\u00e4nzung zu jeder anderen Heilmethode eingesetzt werden.\u00a0<\/p>\n<p style=\"text-align: justify;\">\n<p style=\"text-align: justify;\">\n<p>[\/et_pb_text][\/et_pb_column][et_pb_column type=&#8220;1_2&#8243; _builder_version=&#8220;4.7.7&#8243; _module_preset=&#8220;default&#8220;][et_pb_image src=&#8220;https:\/\/irisvitalis.com\/wp-content\/uploads\/2022\/07\/Reiki-2.jpg&#8220; title_text=&#8220;Reiki 2&#8243; disabled_on=&#8220;off|off|off&#8220; _builder_version=&#8220;4.7.7&#8243; _module_preset=&#8220;default&#8220; min_height=&#8220;309.1px&#8220; custom_padding=&#8220;0px|||||&#8220; custom_padding_tablet=&#8220;0px||0px|||&#8220; border_radii=&#8220;on|7px|7px|7px|7px&#8220;][\/et_pb_image][\/et_pb_column][\/et_pb_row][et_pb_row _builder_version=&#8220;4.7.7&#8243; _module_preset=&#8220;default&#8220; width=&#8220;49%&#8220; width_tablet=&#8220;98%&#8220; max_width_tablet=&#8220;2530%&#8220; min_height=&#8220;528.6px&#8220; custom_padding=&#8220;47px||50px||false|false&#8220;][et_pb_column type=&#8220;4_4&#8243; _builder_version=&#8220;4.7.7&#8243; _module_preset=&#8220;default&#8220;][et_pb_accordion open_toggle_text_color=&#8220;#38ad91&#8243; _builder_version=&#8220;4.7.7&#8243; _module_preset=&#8220;default&#8220; toggle_text_color=&#8220;#38ad91&#8243; toggle_font=&#8220;Poppins|600|||||||&#8220; toggle_font_size=&#8220;24px&#8220; body_font=&#8220;Poppins|300|||||||&#8220; body_text_color=&#8220;#3c2c17&#8243; body_font_size=&#8220;18px&#8220; width=&#8220;100%&#8220; custom_margin=&#8220;-36px|||||&#8220; toggle_text_color_tablet=&#8220;&#8220; toggle_text_color_phone=&#8220;&#8220; toggle_text_color_last_edited=&#8220;on|phone&#8220; toggle_font_size_tablet=&#8220;&#8220; toggle_font_size_phone=&#8220;20px&#8220; toggle_font_size_last_edited=&#8220;on|phone&#8220; body_font_tablet=&#8220;&#8220; body_font_phone=&#8220;&#8220; body_font_last_edited=&#8220;on|phone&#8220; body_font_size_tablet=&#8220;&#8220; body_font_size_phone=&#8220;16px&#8220; body_font_size_last_edited=&#8220;on|phone&#8220; border_width_all=&#8220;0px&#8220;][et_pb_accordion_item title=&#8220;Die wohltuenden Wirkungen des Reiki&#8220; open=&#8220;on&#8220; _builder_version=&#8220;4.7.7&#8243; _module_preset=&#8220;default&#8220;]<\/p>\n<ul>\n<li>\n<p>K\u00f6rper, Geist und Seele werden ganzheitlich angesprochen und in Harmonie gebracht.<\/p>\n<\/li>\n<li>\n<p>Mit Reiki werden individuelle Problemzonen im K\u00f6rper lokalisiert und die Selbstheilungskr\u00e4fte dort massiv unterst\u00fctzt.<\/p>\n<\/li>\n<li>\n<p>Reiki belebt K\u00f6rper und Geist, hilft bei der \u00dcberwindung von \u00c4ngsten und f\u00f6rdert Talente und Kreativit\u00e4t.<\/p>\n<\/li>\n<li>\n<p>Reiki f\u00f6rdert den Abbau von Blockaden und st\u00e4rkt das Selbstvertrauen.<\/p>\n<\/li>\n<li>\n<p>Reiki kann Schmerzen bei akuten und chronischen Krankheiten lindern.<\/p>\n<\/li>\n<li>\n<p>Reiki kann vorbeugend gegen Krankheiten wirken, indem es die Immunabwehr st\u00e4rkt.<\/p>\n<\/li>\n<li>\n<p>Reiki hat eine entgiftende Wirkung auf K\u00f6rper und Geist.<\/p>\n<\/li>\n<li>\n<p>Reiki hilft auch dann, wenn man nicht daran glaubt. Es wirkt nicht nur auf den Menschen, sondern auch auf Tiere und Pflanzen.<\/p>\n<\/li>\n<li>\n<p>Reiki ist eine Methode der Komplement\u00e4rmedizin. Sie ist eine sinnvolle Erg\u00e4nzung zur traditionellen Medizin, ersetzt aber nicht den Arzt.<\/p>\n<\/li>\n<\/ul>\n<p>[\/et_pb_accordion_item][\/et_pb_accordion][\/et_pb_column][\/et_pb_row][et_pb_row column_structure=&#8220;1_2,1_2&#8243; _builder_version=&#8220;4.7.7&#8243; _module_preset=&#8220;_initial&#8220; min_height=&#8220;395.7px&#8220; custom_margin=&#8220;-45px|auto|0px|auto|false|false&#8220; custom_padding=&#8220;0px|0px|15px||false|false&#8220; custom_padding_tablet=&#8220;0px|0px|30px||false|false&#8220; custom_padding_phone=&#8220;0px|0px|30px||false|false&#8220;][et_pb_column type=&#8220;1_2&#8243; _builder_version=&#8220;4.6.6&#8243; _module_preset=&#8220;default&#8220;][et_pb_image src=&#8220;https:\/\/irisvitalis.com\/wp-content\/uploads\/2022\/08\/LOGO-ARBRE-BLANC.jpg&#8220; title_text=&#8220;LOGO &#8211; ARBRE &#8211; BLANC&#8220; force_fullwidth=&#8220;off&#8220; _builder_version=&#8220;4.7.7&#8243; max_width=&#8220;56%&#8220; min_height_tablet=&#8220;328.1px&#8220; custom_padding=&#8220;||0px|||&#8220; custom_padding_phone=&#8220;||0px|||&#8220; border_radii=&#8220;on|7px|7px|7px|7px&#8220;][\/et_pb_image][\/et_pb_column][et_pb_column type=&#8220;1_2&#8243; _builder_version=&#8220;4.6.6&#8243; _module_preset=&#8220;default&#8220;][et_pb_text _builder_version=&#8220;4.7.7&#8243; _module_preset=&#8220;default&#8220; text_text_color=&#8220;#3c2c17&#8243; header_text_color=&#8220;#38ad91&#8243; custom_margin_phone=&#8220;-27px||0px||false|false&#8220; custom_padding_phone=&#8220;0px||0px||false|false&#8220; text_font_tablet=&#8220;&#8220; text_font_phone=&#8220;&#8220; text_font_last_edited=&#8220;on|phone&#8220; text_font_size_tablet=&#8220;18px&#8220; text_font_size_phone=&#8220;16px&#8220; header_4_font_size_phone=&#8220;20px&#8220;]<\/p>\n<p><span style=\"color: #38ad91; font-size: x-large;\"><strong>Die 5 Reiki-Lebensregeln<\/strong><\/span><\/p>\n<h4><\/h4>\n<p>1) Nur heute will ich dankbar sein.<\/p>\n<p>2) Nur heute will ich mich nicht sorgen.<\/p>\n<p>3) Nur heute will ich nicht z\u00fcrnen.<\/p>\n<p>4) Nur heute arbeite und lebe ich ehrlich.<\/p>\n<p>5) Nur heute will ich alle Wesen lieben und achten.<\/p>\n<p>[\/et_pb_text][\/et_pb_column][\/et_pb_row][\/et_pb_section]<\/p>\n","protected":false},"excerpt":{"rendered":"<p>[et_pb_section fb_built=&#8220;1&#8243; custom_padding_last_edited=&#8220;on|tablet&#8220; admin_label=&#8220;Hero Sektion&#8220; _builder_version=&#8220;4.7.7&#8243; _module_preset=&#8220;_initial&#8220; background_color=&#8220;#f7f6f5&#8243; custom_margin_tablet=&#8220;&#8220; custom_margin_phone=&#8220;&#8220; custom_margin_last_edited=&#8220;on|phone&#8220; custom_padding=&#8220;0px||0px||false|false&#8220; custom_padding_tablet=&#8220;50px||0px||false|false&#8220; custom_padding_phone=&#8220;25px||0px||false|false&#8220;][et_pb_row column_structure=&#8220;2_5,3_5&#8243; custom_padding_last_edited=&#8220;on|tablet&#8220; _builder_version=&#8220;4.7.7&#8243; _module_preset=&#8220;_initial&#8220; background_color=&#8220;#f7f6f5&#8243; custom_padding=&#8220;40px||0px|0px|false|false&#8220; custom_padding_tablet=&#8220;30px||69px|0px|false|false&#8220; custom_padding_phone=&#8220;2px||0px|0px|false|false&#8220;][et_pb_column type=&#8220;2_5&#8243; disabled_on=&#8220;on|on|off&#8220; _builder_version=&#8220;4.7.7&#8243; border_radii=&#8220;off||7px|7px|&#8220;][et_pb_image src=&#8220;https:\/\/irisvitalis.com\/wp-content\/uploads\/2022\/07\/Reiki-klein.jpg&#8220; title_text=&#8220;Reiki klein&#8220; force_fullwidth=&#8220;off&#8220; disabled_on=&#8220;on|on|off&#8220; _builder_version=&#8220;4.7.7&#8243; _module_preset=&#8220;default&#8220; width=&#8220;71%&#8220; width_tablet=&#8220;98.6%&#8220; custom_margin=&#8220;0px|76px|0px|75px|false|false&#8220; custom_padding=&#8220;0px|0px|0px||false|false&#8220; custom_padding_phone=&#8220;0px|0px|0px|13px|false|false&#8220; border_radii=&#8220;on|7px|7px|7px|7px&#8220; saved_tabs=&#8220;all&#8220;][\/et_pb_image][\/et_pb_column][et_pb_column type=&#8220;3_5&#8243; _builder_version=&#8220;4.7.7&#8243; custom_padding=&#8220;|||2%|false|false&#8220; custom_padding_tablet=&#8220;|||0%|false|false&#8220;][et_pb_text _builder_version=&#8220;4.7.7&#8243; _module_preset=&#8220;default&#8220; text_text_color=&#8220;#3c2c17&#8243; header_text_align=&#8220;left&#8220; header_2_text_align=&#8220;left&#8220; max_width=&#8220;587px&#8220; module_alignment=&#8220;left&#8220; custom_margin=&#8220;0px|-182px|0px|-34px|false|false&#8220; custom_padding=&#8220;0px|0px|0px|0px|false|false&#8220; text_font_tablet=&#8220;&#8220; text_font_phone=&#8220;&#8220; [&hellip;]<\/p>\n","protected":false},"author":1,"featured_media":0,"parent":0,"menu_order":0,"comment_status":"closed","ping_status":"closed","template":"","meta":{"_et_pb_use_builder":"on","_et_pb_old_content":"","_et_gb_content_width":"","footnotes":""},"yoast_head":"<!-- This site is optimized with the Yoast SEO plugin v15.5 - https:\/\/yoast.com\/wordpress\/plugins\/seo\/ -->\n<title>3 - Reiki - IrisVitalis<\/title>\n<meta name=\"robots\" content=\"index, follow, max-snippet:-1, max-image-preview:large, max-video-preview:-1\" \/>\n<link rel=\"canonical\" href=\"https:\/\/irisvitalis.com\/de\/3-reiki\/\" \/>\n<meta property=\"og:locale\" content=\"de_DE\" \/>\n<meta property=\"og:type\" content=\"article\" \/>\n<meta property=\"og:title\" content=\"3 - Reiki - IrisVitalis\" \/>\n<meta property=\"og:description\" content=\"[et_pb_section fb_built=&#8220;1&#8243; custom_padding_last_edited=&#8220;on|tablet&#8220; admin_label=&#8220;Hero Sektion&#8220; _builder_version=&#8220;4.7.7&#8243; _module_preset=&#8220;_initial&#8220; background_color=&#8220;#f7f6f5&#8243; custom_margin_tablet=&#8220;&#8220; custom_margin_phone=&#8220;&#8220; custom_margin_last_edited=&#8220;on|phone&#8220; custom_padding=&#8220;0px||0px||false|false&#8220; custom_padding_tablet=&#8220;50px||0px||false|false&#8220; custom_padding_phone=&#8220;25px||0px||false|false&#8220;][et_pb_row column_structure=&#8220;2_5,3_5&#8243; custom_padding_last_edited=&#8220;on|tablet&#8220; _builder_version=&#8220;4.7.7&#8243; _module_preset=&#8220;_initial&#8220; background_color=&#8220;#f7f6f5&#8243; custom_padding=&#8220;40px||0px|0px|false|false&#8220; custom_padding_tablet=&#8220;30px||69px|0px|false|false&#8220; custom_padding_phone=&#8220;2px||0px|0px|false|false&#8220;][et_pb_column type=&#8220;2_5&#8243; disabled_on=&#8220;on|on|off&#8220; _builder_version=&#8220;4.7.7&#8243; border_radii=&#8220;off||7px|7px|&#8220;][et_pb_image src=&#8220;https:\/\/irisvitalis.com\/wp-content\/uploads\/2022\/07\/Reiki-klein.jpg&#8220; title_text=&#8220;Reiki klein&#8220; force_fullwidth=&#8220;off&#8220; disabled_on=&#8220;on|on|off&#8220; _builder_version=&#8220;4.7.7&#8243; _module_preset=&#8220;default&#8220; width=&#8220;71%&#8220; width_tablet=&#8220;98.6%&#8220; custom_margin=&#8220;0px|76px|0px|75px|false|false&#8220; custom_padding=&#8220;0px|0px|0px||false|false&#8220; custom_padding_phone=&#8220;0px|0px|0px|13px|false|false&#8220; border_radii=&#8220;on|7px|7px|7px|7px&#8220; saved_tabs=&#8220;all&#8220;][\/et_pb_image][\/et_pb_column][et_pb_column type=&#8220;3_5&#8243; _builder_version=&#8220;4.7.7&#8243; custom_padding=&#8220;|||2%|false|false&#8220; custom_padding_tablet=&#8220;|||0%|false|false&#8220;][et_pb_text _builder_version=&#8220;4.7.7&#8243; _module_preset=&#8220;default&#8220; text_text_color=&#8220;#3c2c17&#8243; header_text_align=&#8220;left&#8220; header_2_text_align=&#8220;left&#8220; max_width=&#8220;587px&#8220; module_alignment=&#8220;left&#8220; custom_margin=&#8220;0px|-182px|0px|-34px|false|false&#8220; custom_padding=&#8220;0px|0px|0px|0px|false|false&#8220; text_font_tablet=&#8220;&#8220; text_font_phone=&#8220;&#8220; [&hellip;]\" \/>\n<meta property=\"og:url\" content=\"https:\/\/irisvitalis.com\/de\/3-reiki\/\" \/>\n<meta property=\"og:site_name\" content=\"IrisVitalis\" \/>\n<meta property=\"article:modified_time\" content=\"2022-11-21T15:42:40+00:00\" \/>\n<meta name=\"twitter:card\" content=\"summary_large_image\" \/>\n<meta name=\"twitter:label1\" content=\"Gesch\u00e4tzte Lesezeit\">\n\t<meta name=\"twitter:data1\" content=\"5\u00a0Minuten\">\n<script type=\"application\/ld+json\" class=\"yoast-schema-graph\">{\"@context\":\"https:\/\/schema.org\",\"@graph\":[{\"@type\":\"WebSite\",\"@id\":\"https:\/\/irisvitalis.com\/de\/#website\",\"url\":\"https:\/\/irisvitalis.com\/de\/\",\"name\":\"IrisVitalis\",\"description\":\"Reiki, Jin Shin Jyutsu f\\u00fcr Mensch und Tier, Ern\\u00e4hrungsberatung\",\"potentialAction\":[{\"@type\":\"SearchAction\",\"target\":\"https:\/\/irisvitalis.com\/de\/?s={search_term_string}\",\"query-input\":\"required name=search_term_string\"}],\"inLanguage\":\"de\"},{\"@type\":\"WebPage\",\"@id\":\"https:\/\/irisvitalis.com\/de\/3-reiki\/#webpage\",\"url\":\"https:\/\/irisvitalis.com\/de\/3-reiki\/\",\"name\":\"3 - Reiki - IrisVitalis\",\"isPartOf\":{\"@id\":\"https:\/\/irisvitalis.com\/de\/#website\"},\"datePublished\":\"2020-03-04T18:11:05+00:00\",\"dateModified\":\"2022-11-21T15:42:40+00:00\",\"inLanguage\":\"de\",\"potentialAction\":[{\"@type\":\"ReadAction\",\"target\":[\"https:\/\/irisvitalis.com\/de\/3-reiki\/\"]}]}]}<\/script>\n<!-- \/ Yoast SEO plugin. -->","_links":{"self":[{"href":"https:\/\/irisvitalis.com\/de\/wp-json\/wp\/v2\/pages\/3940"}],"collection":[{"href":"https:\/\/irisvitalis.com\/de\/wp-json\/wp\/v2\/pages"}],"about":[{"href":"https:\/\/irisvitalis.com\/de\/wp-json\/wp\/v2\/types\/page"}],"author":[{"embeddable":true,"href":"https:\/\/irisvitalis.com\/de\/wp-json\/wp\/v2\/users\/1"}],"replies":[{"embeddable":true,"href":"https:\/\/irisvitalis.com\/de\/wp-json\/wp\/v2\/comments?post=3940"}],"version-history":[{"count":10,"href":"https:\/\/irisvitalis.com\/de\/wp-json\/wp\/v2\/pages\/3940\/revisions"}],"predecessor-version":[{"id":4153,"href":"https:\/\/irisvitalis.com\/de\/wp-json\/wp\/v2\/pages\/3940\/revisions\/4153"}],"wp:attachment":[{"href":"https:\/\/irisvitalis.com\/de\/wp-json\/wp\/v2\/media?parent=3940"}],"curies":[{"name":"wp","href":"https:\/\/api.w.org\/{rel}","templated":true}]}}