{"id":3944,"date":"2020-12-20T17:41:51","date_gmt":"2020-12-20T17:41:51","guid":{"rendered":"https:\/\/irisvitalis.com\/?page_id=3944"},"modified":"2022-11-20T15:01:27","modified_gmt":"2022-11-20T15:01:27","slug":"5-alimentation-vivante","status":"publish","type":"page","link":"https:\/\/irisvitalis.com\/de\/5-alimentation-vivante\/","title":{"rendered":"Lebendige Ern\u00e4hrung"},"content":{"rendered":"<p>[et_pb_section fb_built=&#8220;1&#8243; admin_label=&#8220;Vorteile\/Inhalte Sektion&#8220; module_id=&#8220;start&#8220; _builder_version=&#8220;4.7.7&#8243; _module_preset=&#8220;_initial&#8220; min_height_phone=&#8220;979px&#8220; custom_padding_tablet=&#8220;60px||0px||false|false&#8220;][et_pb_row column_structure=&#8220;3_5,2_5&#8243; _builder_version=&#8220;4.7.7&#8243; _module_preset=&#8220;default&#8220; width_tablet=&#8220;100%&#8220; width_phone=&#8220;100%&#8220; custom_margin=&#8220;-1px|auto|0px|auto|false|false&#8220; custom_padding=&#8220;4px||50px||false|false&#8220; custom_padding_tablet=&#8220;0px||30px||false|false&#8220; custom_padding_phone=&#8220;0px||30px||false|false&#8220;][et_pb_column type=&#8220;3_5&#8243; _builder_version=&#8220;4.7.7&#8243; _module_preset=&#8220;default&#8220;][et_pb_accordion open_toggle_text_color=&#8220;#38ad91&#8243; _builder_version=&#8220;4.7.7&#8243; _module_preset=&#8220;default&#8220; toggle_text_color=&#8220;#38ad91&#8243; toggle_font=&#8220;Poppins|600|||||||&#8220; toggle_font_size=&#8220;24px&#8220; body_font=&#8220;Poppins|300|||||||&#8220; body_text_align=&#8220;justify&#8220; body_text_color=&#8220;#3c2c17&#8243; body_font_size=&#8220;18px&#8220; width=&#8220;89%&#8220; width_tablet=&#8220;100%&#8220; width_phone=&#8220;&#8220; width_last_edited=&#8220;on|tablet&#8220; max_width=&#8220;100%&#8220; custom_margin=&#8220;|-28px||||&#8220; toggle_text_align_tablet=&#8220;center&#8220; toggle_text_align_phone=&#8220;left&#8220; toggle_text_align_last_edited=&#8220;on|phone&#8220; toggle_font_size_tablet=&#8220;&#8220; toggle_font_size_phone=&#8220;20px&#8220; toggle_font_size_last_edited=&#8220;on|phone&#8220; body_font_size_tablet=&#8220;&#8220; body_font_size_phone=&#8220;16px&#8220; body_font_size_last_edited=&#8220;on|phone&#8220; border_width_all=&#8220;0px&#8220;][et_pb_accordion_item title=&#8220;Erinnern Sie sich an Ihre Lebenskraft!&#8220; open=&#8220;on&#8220; _builder_version=&#8220;4.7.7&#8243; _module_preset=&#8220;default&#8220;]<\/p>\n<p><span style=\"font-family: Poppins;\" face=\"Poppins\">Was w\u00e4re, wenn Sie mit Ihrer t\u00e4glichen Ern\u00e4hrung das machtvollste Instrument f\u00fcr Ihre Gesundheit in der Hand h\u00e4tten? Was w\u00e4re, wenn Ihre Ern\u00e4hrung das Tor zu k\u00f6rperlicher Lebenskraft, geistiger Klarheit und innerem Frieden w\u00e4re?<\/span><\/p>\n<p><span style=\"font-family: Poppins;\" face=\"Poppins\">Die meisten Menschen k\u00f6nnen sich nicht daran erinnern, wie es ist, in ihrem vollen gesundheitlichen Potential zu sein. Viele Menschen glauben, sie seien gesund. Sie wissen nicht, dass wahre Gesundheit weit mehr als die Abwesenheit von Krankheit ist.<\/span><\/p>\n<p><span style=\"font-family: Poppins;\" face=\"Poppins\">In meinen Programmen zeige ich Ihnen einfache und praxisnahe Wege, wie Sie mit wenigen Stellschrauben Ihre Gesundheit bereits in wenigen Wochen auf ein neues Niveau heben k\u00f6nnen und Sie sich wieder mit Ihrer nat\u00fcrlichen, Ihnen per Geburt innewohnenden nat\u00fcrlichen Lebenskraft verbinden k\u00f6nnen.<\/span><\/p>\n<p>[\/et_pb_accordion_item][\/et_pb_accordion][\/et_pb_column][et_pb_column type=&#8220;2_5&#8243; _builder_version=&#8220;4.7.7&#8243; _module_preset=&#8220;default&#8220;][et_pb_image src=&#8220;https:\/\/irisvitalis.com\/wp-content\/uploads\/2022\/08\/anna-pelzer-IGfIGP5ONV0-unsplash.jpg&#8220; title_text=&#8220;anna-pelzer-IGfIGP5ONV0-unsplash&#8220; force_fullwidth=&#8220;off&#8220; _builder_version=&#8220;4.7.7&#8243; _module_preset=&#8220;default&#8220; width=&#8220;100%&#8220; max_width=&#8220;100%&#8220; min_height=&#8220;191px&#8220; custom_margin=&#8220;2px|||-77px||&#8220; custom_margin_tablet=&#8220;2px||-15px|-77px||&#8220; custom_padding=&#8220;0px|0px|4px|0px||&#8220; border_radii=&#8220;on|7px|7px|7px|7px&#8220;][\/et_pb_image][\/et_pb_column][\/et_pb_row][et_pb_row column_structure=&#8220;1_3,2_3&#8243; _builder_version=&#8220;4.7.7&#8243; _module_preset=&#8220;d61038e0-cb2d-4730-aa75-67ee203c5c45&#8243; width=&#8220;90%&#8220; width_tablet=&#8220;&#8220; width_phone=&#8220;100%&#8220; width_last_edited=&#8220;on|tablet&#8220; custom_padding=&#8220;90px||6px||false|false&#8220; custom_padding_tablet=&#8220;0px||30px||false|false&#8220; custom_padding_phone=&#8220;0px||30px||false|false&#8220;][et_pb_column type=&#8220;1_3&#8243; _builder_version=&#8220;4.7.7&#8243; _module_preset=&#8220;default&#8220;][et_pb_image src=&#8220;https:\/\/irisvitalis.com\/wp-content\/uploads\/2022\/08\/giorgi-iremadze-3OV0ft7mG_o-unsplash1.jpg&#8220; title_text=&#8220;giorgi-iremadze-3OV0ft7mG_o-unsplash(1)&#8220; disabled_on=&#8220;on|on|off&#8220; _builder_version=&#8220;4.7.7&#8243; _module_preset=&#8220;default&#8220; custom_margin=&#8220;-78px||||false|false&#8220; custom_margin_tablet=&#8220;0px||||false|false&#8220; custom_margin_phone=&#8220;&#8220; custom_margin_last_edited=&#8220;on|tablet&#8220; custom_padding=&#8220;6px|1px||||&#8220; border_radii=&#8220;on|7px|7px|7px|7px&#8220;][\/et_pb_image][\/et_pb_column][et_pb_column type=&#8220;2_3&#8243; _builder_version=&#8220;4.7.7&#8243; _module_preset=&#8220;default&#8220;][et_pb_text _builder_version=&#8220;4.7.7&#8243; _module_preset=&#8220;default&#8220; text_text_color=&#8220;#3c2c17&#8243; header_text_align=&#8220;left&#8220; header_2_text_align=&#8220;left&#8220; text_orientation=&#8220;justified&#8220; width=&#8220;826px&#8220; max_width_phone=&#8220;89%&#8220; module_alignment=&#8220;left&#8220; custom_margin_tablet=&#8220;-4px||0px||false|false&#8220; custom_margin_phone=&#8220;&#8220; custom_margin_last_edited=&#8220;on|phone&#8220; text_font_size_tablet=&#8220;18px&#8220; text_font_size_phone=&#8220;16px&#8220; text_line_height_tablet=&#8220;1.4em&#8220; header_text_align_tablet=&#8220;center&#8220; header_text_align_phone=&#8220;&#8220; header_text_align_last_edited=&#8220;on|tablet&#8220; header_2_text_align_tablet=&#8220;center&#8220; header_4_text_align_tablet=&#8220;center&#8220; header_4_font_size_phone=&#8220;20px&#8220; module_alignment_phone=&#8220;center&#8220;]<\/p>\n<h4>Ich unterst\u00fctze Sie!<\/h4>\n<p><span style=\"font-family: Poppins;\" face=\"Poppins\">Es geht mir darum, den Ko\u0308rper sanft und effektiv zu entgiften, in seiner Entgiftungskraft zu steigern und ihn gezielt mit Vitalstoffen aufzubauen. Dabei finden Sie mit meiner Hilfe eine ta\u0308gliche Erna\u0308hrung, die Sie auf hohem Niveau gesund halten kann, in der ta\u0308glichen Ku\u0308chenpraxis umsetzbar ist und dabei wirklich Spa\u00df macht!<\/span><\/p>\n<p><span style=\"font-family: Poppins;\" face=\"Poppins\">Ich bin gepru\u0308fte Erna\u0308hrungsberaterin mit Schwerpunkt Rohkost, Ich arbeite online und offline.<\/span><\/p>\n<p><span style=\"font-family: Poppins;\" face=\"Poppins\">Sie werden hier kein starres Ern\u00e4hrungskonzept finden, auch wenn ich hier meine Leidenschaft f\u00fcr Rohkost teile. Ich stehe f\u00fcr das Freimachen von starren Regeln und Dogmen und daf\u00fcr, dass jede\/r seinen eigenen Weg in Gesundheit und F\u00fclle findet.<\/span>\u00a0<\/p>\n<p lang=\"fr-FR\"><span style=\"font-family: Poppins;\" face=\"Poppins\"><\/span><\/p>\n<p lang=\"fr-FR\"><span style=\"font-family: Poppins;\" face=\"Poppins\"><\/span><\/p>\n<p>[\/et_pb_text][et_pb_accordion _builder_version=&#8220;4.7.7&#8243; _module_preset=&#8220;default&#8220; toggle_text_color=&#8220;#3c2c17&#8243; toggle_font=&#8220;Poppins|600|||||||&#8220; toggle_text_align=&#8220;center&#8220; toggle_font_size=&#8220;18px&#8220; body_font=&#8220;Poppins|600|||||||&#8220; body_text_align=&#8220;center&#8220; body_text_color=&#8220;#3c2c17&#8243; body_font_size=&#8220;18px&#8220; width=&#8220;100%&#8220; width_tablet=&#8220;&#8220; width_phone=&#8220;95%&#8220; width_last_edited=&#8220;on|phone&#8220; max_width=&#8220;100%&#8220; min_height=&#8220;368.8px&#8220; custom_margin=&#8220;-21px||-5px|||&#8220; border_width_all=&#8220;0px&#8220;][et_pb_accordion_item open=&#8220;on&#8220; _builder_version=&#8220;4.7.7&#8243; _module_preset=&#8220;default&#8220;]<\/p>\n<p><strong><\/strong><span style=\"text-decoration: underline;\"><strong>Vor Ort oder per Video:<\/strong><\/span><\/p>\n<p><strong><\/strong><\/p>\n<p><strong>Erste Beratung: 60 \u20ac<\/strong><\/p>\n<p><strong>Weitere Gespr\u00e4che: <\/strong><strong>50 \u20ac<\/strong><\/p>\n<p><strong>2-monatige Intensivberatung<\/strong><strong> <\/strong><strong>(5 Gespr\u00e4che + Rezepte + regelm\u00e4\u00dfige Tipps)<br \/><\/strong><\/p>\n<p><strong>300 \u20ac<\/strong><\/p>\n<p><strong><\/strong><\/p>\n<p>[\/et_pb_accordion_item][\/et_pb_accordion][et_pb_button button_url=&#8220;https:\/\/irisvitalis.com\/de\/7-contact&#8220; button_text=&#8220;Kontakt&#8220; _builder_version=&#8220;4.7.7&#8243; _module_preset=&#8220;default&#8220; custom_margin=&#8220;2px||||false|false&#8220; button_text_size_phone=&#8220;14px&#8220;][\/et_pb_button][\/et_pb_column][\/et_pb_row][et_pb_row column_structure=&#8220;1_2,1_2&#8243; _builder_version=&#8220;4.7.7&#8243; _module_preset=&#8220;default&#8220; width_tablet=&#8220;100%&#8220; width_phone=&#8220;100%&#8220; custom_padding=&#8220;85px||50px||false|false&#8220; custom_padding_phone=&#8220;9px||30px||false|false&#8220;][et_pb_column type=&#8220;1_2&#8243; _builder_version=&#8220;4.7.7&#8243; _module_preset=&#8220;default&#8220;][et_pb_accordion open_toggle_text_color=&#8220;#38ad91&#8243; open_toggle_background_color=&#8220;#eff7f0&#8243; icon_color=&#8220;rgba(0,0,0,0)&#8220; _builder_version=&#8220;4.7.7&#8243; _module_preset=&#8220;default&#8220; toggle_text_color=&#8220;#38ad91&#8243; toggle_font=&#8220;Poppins|600|||||||&#8220; toggle_text_align=&#8220;left&#8220; toggle_font_size=&#8220;24px&#8220; body_font=&#8220;|300|||||||&#8220; body_text_align=&#8220;justify&#8220; body_text_color=&#8220;#3c2c17&#8243; body_font_size=&#8220;18px&#8220; body_line_height=&#8220;1.5em&#8220; background_color=&#8220;rgba(0,0,0,0)&#8220; width=&#8220;100%&#8220; width_tablet=&#8220;&#8220; width_phone=&#8220;100%&#8220; width_last_edited=&#8220;on|phone&#8220; max_width_tablet=&#8220;&#8220; max_width_phone=&#8220;100%&#8220; max_width_last_edited=&#8220;on|phone&#8220; custom_margin=&#8220;|-52px|-2px|-1px||&#8220; toggle_text_align_tablet=&#8220;center&#8220; toggle_text_align_phone=&#8220;left&#8220; toggle_text_align_last_edited=&#8220;on|tablet&#8220; toggle_font_size_tablet=&#8220;&#8220; toggle_font_size_phone=&#8220;20px&#8220; toggle_font_size_last_edited=&#8220;on|phone&#8220; body_font_size_tablet=&#8220;&#8220; body_font_size_phone=&#8220;16px&#8220; body_font_size_last_edited=&#8220;on|phone&#8220; border_width_all=&#8220;0px&#8220;][et_pb_accordion_item title=&#8220;Die Vorteile dieser vitalstoffreichen Ern\u00e4hrung&#8220; open=&#8220;on&#8220; _builder_version=&#8220;4.7.7&#8243; _module_preset=&#8220;default&#8220;]<\/p>\n<p lang=\"fr-FR\"><span style=\"font-family: Poppins;\" face=\"Poppins\">In roher Form genossen, bleiben Vitamine, Enzyme und Mineralstoffe in der Nahrung vollst\u00e4ndig erhalten. <span lang=\"de-DE\">Die Darmfunktion kann sich aufgrund der zahlreichen Ballaststoffe, die zugleich den Cholesterinspiegel senken, verbessern.<\/span><\/span><\/p>\n<p><span style=\"font-family: Poppins;\" face=\"Poppins\">Frische und weitgehend naturbelassene Zutaten sind randvoll mit Mineralstoffen, Vitaminen und sekund\u00e4ren Pflanzenstoffen, Biophotonen, Chlorophyll, Bitterstoffen, Antioxidantien und Enzymen.<\/span><\/p>\n<p><span style=\"font-family: Poppins;\" face=\"Poppins\">Eine Ern\u00e4hrung, die \u00fcberwiegend aus frischen Zutaten besteht, n\u00e4hrt uns und leitet eine sanfte Entgiftung ein, damit unser K\u00f6rper nach und nach allumfassend gesunden und durch die N\u00e4hrstofff\u00fclle an Vitalit\u00e4t gewinnen kann.<\/span><\/p>\n<p lang=\"fr-FR\">\n<p>[\/et_pb_accordion_item][\/et_pb_accordion][\/et_pb_column][et_pb_column type=&#8220;1_2&#8243; _builder_version=&#8220;4.7.7&#8243; _module_preset=&#8220;default&#8220;][et_pb_image src=&#8220;https:\/\/irisvitalis.com\/wp-content\/uploads\/2022\/10\/watermelon-2367029_1280.jpg&#8220; title_text=&#8220;watermelon-2367029_1280&#8243; _builder_version=&#8220;4.7.7&#8243; _module_preset=&#8220;default&#8220; border_radii=&#8220;on|7px|7px|7px|7px&#8220;][\/et_pb_image][\/et_pb_column][\/et_pb_row][et_pb_row _builder_version=&#8220;4.7.7&#8243; _module_preset=&#8220;default&#8220; width_phone=&#8220;100%&#8220; max_width_phone=&#8220;2560%&#8220; custom_margin_phone=&#8220;0px|auto|-27px|auto|false|false&#8220; custom_padding=&#8220;28px||0px||false|false&#8220; custom_padding_phone=&#8220;10px|0px|30px||false|false&#8220;][et_pb_column type=&#8220;4_4&#8243; _builder_version=&#8220;4.7.7&#8243; _module_preset=&#8220;default&#8220;][et_pb_accordion open_toggle_text_color=&#8220;#38ad91&#8243; _builder_version=&#8220;4.7.7&#8243; _module_preset=&#8220;default&#8220; toggle_text_color=&#8220;#38ad91&#8243; toggle_font=&#8220;Poppins|600|||||||&#8220; toggle_text_align=&#8220;left&#8220; toggle_font_size=&#8220;24px&#8220; body_font=&#8220;Poppins|300|||||||&#8220; body_text_align=&#8220;left&#8220; body_text_color=&#8220;#3c2c17&#8243; body_font_size=&#8220;18px&#8220; max_width=&#8220;61%&#8220; max_width_tablet=&#8220;100%&#8220; max_width_phone=&#8220;&#8220; max_width_last_edited=&#8220;on|tablet&#8220; module_alignment=&#8220;center&#8220; min_height=&#8220;453px&#8220; custom_margin=&#8220;||-29px|||&#8220; toggle_font_size_tablet=&#8220;&#8220; toggle_font_size_phone=&#8220;20px&#8220; toggle_font_size_last_edited=&#8220;on|phone&#8220; body_font_size_tablet=&#8220;&#8220; body_font_size_phone=&#8220;16px&#8220; body_font_size_last_edited=&#8220;on|phone&#8220; border_width_all=&#8220;0px&#8220;][et_pb_accordion_item title=&#8220;Frische pflanzliche Lebensmittel&#8220; open=&#8220;on&#8220; _builder_version=&#8220;4.7.7&#8243; _module_preset=&#8220;default&#8220;]<\/p>\n<ul>\n<li>\n<p lang=\"fr-FR\"><span style=\"font-family: Poppins;\" face=\"Poppins\">enthalten Vitamine, Mineralstoffe und sekund\u00e4re Pflanzenstoffe in ihrem nat\u00fcrlichen Wirkstoffkomplex<\/span><\/p>\n<\/li>\n<li>\n<p lang=\"fr-FR\"><span style=\"font-family: Poppins;\" face=\"Poppins\"><\/span><span style=\"font-family: Poppins;\" face=\"Poppins\">wirken anti-oxidativ, anti-entz\u00fcndlich und anti-karzinogen<\/span><\/p>\n<\/li>\n<li>\n<p><span style=\"font-family: Poppins;\" face=\"Poppins\">sind reich an Enzymen<\/span><\/p>\n<\/li>\n<li>\n<p><span style=\"font-family: Poppins;\" face=\"Poppins\">sind reich an Ballaststoffen<\/span><\/p>\n<\/li>\n<li>\n<p><span style=\"font-family: Poppins;\" face=\"Poppins\">wirken basenbildend<\/span><\/p>\n<\/li>\n<li>\n<p><span style=\"font-family: Poppins;\" face=\"Poppins\">st\u00e4rken das Immunsystem<\/span><\/p>\n<\/li>\n<li>\n<p><span style=\"font-family: Poppins;\" face=\"Poppins\">f\u00f6rdern die Verdauung<\/span><\/p>\n<\/li>\n<li>\n<p><span style=\"font-family: Poppins;\" face=\"Poppins\">wirken reinigend<\/span><\/p>\n<\/li>\n<li>\n<p><span style=\"font-family: Poppins;\" face=\"Poppins\">lassen uns schlank sein oder werden<\/span><\/p>\n<\/li>\n<li>\n<p><span style=\"font-family: Poppins;\" face=\"Poppins\">heben die Stimmung<\/span><\/p>\n<\/li>\n<li>\n<p><span style=\"font-family: Poppins;\" face=\"Poppins\">schenken mehr Energie und geistige Klarheit<\/span><\/p>\n<\/li>\n<li>\n<p><span style=\"font-family: Poppins;\" face=\"Poppins\">beugen Zivilisationskrankheiten vor<\/span><\/p>\n<\/li>\n<li>\n<p><span style=\"font-family: Poppins;\" face=\"Poppins\">verlangsamen den Alterungsprozess<\/span><\/p>\n<p><span style=\"font-family: Poppins;\" face=\"Poppins\"><\/span><\/p>\n<p><span style=\"font-family: Poppins;\" face=\"Poppins\"><\/span><\/p>\n<\/li>\n<\/ul>\n<p>[\/et_pb_accordion_item][\/et_pb_accordion][\/et_pb_column][\/et_pb_row][\/et_pb_section][et_pb_section fb_built=&#8220;1&#8243; _builder_version=&#8220;4.7.7&#8243; _module_preset=&#8220;57d413ac-d1b2-4bd6-a5b9-36ef56a5b285&#8243; background_image=&#8220;https:\/\/irisvitalis.com\/wp-content\/uploads\/2022\/07\/romanesco-3493007_640.jpg&#8220; custom_margin=&#8220;0px||30px||false|false&#8220; custom_margin_tablet=&#8220;&#8220; custom_margin_phone=&#8220;&#8220; custom_margin_last_edited=&#8220;on|tablet&#8220;][et_pb_row _builder_version=&#8220;4.7.7&#8243; _module_preset=&#8220;699a1a14-aa99-453a-ab2e-46d49b6bbd5e&#8220;][et_pb_column type=&#8220;4_4&#8243; _builder_version=&#8220;4.7.7&#8243; _module_preset=&#8220;default&#8220;][et_pb_text _builder_version=&#8220;4.7.7&#8243; _module_preset=&#8220;84fd1817-ee46-437a-a061-6f6a331515f4&#8243;][\/et_pb_text][\/et_pb_column][\/et_pb_row][\/et_pb_section][et_pb_section fb_built=&#8220;1&#8243; _builder_version=&#8220;4.7.7&#8243; background_color=&#8220;#F7F6F5&#8243; custom_padding=&#8220;0px||0px||false|false&#8220; custom_padding_tablet=&#8220;0px||0px||false|false&#8220; custom_padding_phone=&#8220;0px||0px||false|false&#8220; saved_tabs=&#8220;all&#8220;][\/et_pb_section]<\/p>\n","protected":false},"excerpt":{"rendered":"<p>[et_pb_section fb_built=&#8220;1&#8243; admin_label=&#8220;Vorteile\/Inhalte Sektion&#8220; module_id=&#8220;start&#8220; _builder_version=&#8220;4.7.7&#8243; _module_preset=&#8220;_initial&#8220; min_height_phone=&#8220;979px&#8220; custom_padding_tablet=&#8220;60px||0px||false|false&#8220;][et_pb_row column_structure=&#8220;3_5,2_5&#8243; _builder_version=&#8220;4.7.7&#8243; _module_preset=&#8220;default&#8220; width_tablet=&#8220;100%&#8220; width_phone=&#8220;100%&#8220; custom_margin=&#8220;-1px|auto|0px|auto|false|false&#8220; custom_padding=&#8220;4px||50px||false|false&#8220; custom_padding_tablet=&#8220;0px||30px||false|false&#8220; custom_padding_phone=&#8220;0px||30px||false|false&#8220;][et_pb_column type=&#8220;3_5&#8243; _builder_version=&#8220;4.7.7&#8243; _module_preset=&#8220;default&#8220;][et_pb_accordion open_toggle_text_color=&#8220;#38ad91&#8243; _builder_version=&#8220;4.7.7&#8243; _module_preset=&#8220;default&#8220; toggle_text_color=&#8220;#38ad91&#8243; toggle_font=&#8220;Poppins|600|||||||&#8220; toggle_font_size=&#8220;24px&#8220; body_font=&#8220;Poppins|300|||||||&#8220; body_text_align=&#8220;justify&#8220; body_text_color=&#8220;#3c2c17&#8243; body_font_size=&#8220;18px&#8220; width=&#8220;89%&#8220; width_tablet=&#8220;100%&#8220; width_phone=&#8220;&#8220; width_last_edited=&#8220;on|tablet&#8220; max_width=&#8220;100%&#8220; custom_margin=&#8220;|-28px||||&#8220; toggle_text_align_tablet=&#8220;center&#8220; toggle_text_align_phone=&#8220;left&#8220; toggle_text_align_last_edited=&#8220;on|phone&#8220; toggle_font_size_tablet=&#8220;&#8220; toggle_font_size_phone=&#8220;20px&#8220; toggle_font_size_last_edited=&#8220;on|phone&#8220; body_font_size_tablet=&#8220;&#8220; body_font_size_phone=&#8220;16px&#8220; body_font_size_last_edited=&#8220;on|phone&#8220; border_width_all=&#8220;0px&#8220;][et_pb_accordion_item title=&#8220;Erinnern Sie sich an Ihre Lebenskraft!&#8220; open=&#8220;on&#8220; _builder_version=&#8220;4.7.7&#8243; [&hellip;]<\/p>\n","protected":false},"author":1,"featured_media":0,"parent":0,"menu_order":0,"comment_status":"closed","ping_status":"closed","template":"","meta":{"_et_pb_use_builder":"on","_et_pb_old_content":"","_et_gb_content_width":"","footnotes":""},"yoast_head":"<!-- This site is optimized with the Yoast SEO plugin v15.5 - https:\/\/yoast.com\/wordpress\/plugins\/seo\/ -->\n<title>Lebendige Ern\u00e4hrung - IrisVitalis<\/title>\n<meta name=\"robots\" content=\"index, follow, max-snippet:-1, max-image-preview:large, max-video-preview:-1\" \/>\n<link rel=\"canonical\" href=\"https:\/\/irisvitalis.com\/de\/5-alimentation-vivante\/\" \/>\n<meta property=\"og:locale\" content=\"de_DE\" \/>\n<meta property=\"og:type\" content=\"article\" \/>\n<meta property=\"og:title\" content=\"Lebendige Ern\u00e4hrung - IrisVitalis\" \/>\n<meta property=\"og:description\" content=\"[et_pb_section fb_built=&#8220;1&#8243; admin_label=&#8220;Vorteile\/Inhalte Sektion&#8220; module_id=&#8220;start&#8220; _builder_version=&#8220;4.7.7&#8243; _module_preset=&#8220;_initial&#8220; min_height_phone=&#8220;979px&#8220; custom_padding_tablet=&#8220;60px||0px||false|false&#8220;][et_pb_row column_structure=&#8220;3_5,2_5&#8243; _builder_version=&#8220;4.7.7&#8243; _module_preset=&#8220;default&#8220; width_tablet=&#8220;100%&#8220; width_phone=&#8220;100%&#8220; custom_margin=&#8220;-1px|auto|0px|auto|false|false&#8220; custom_padding=&#8220;4px||50px||false|false&#8220; custom_padding_tablet=&#8220;0px||30px||false|false&#8220; custom_padding_phone=&#8220;0px||30px||false|false&#8220;][et_pb_column type=&#8220;3_5&#8243; _builder_version=&#8220;4.7.7&#8243; _module_preset=&#8220;default&#8220;][et_pb_accordion open_toggle_text_color=&#8220;#38ad91&#8243; _builder_version=&#8220;4.7.7&#8243; _module_preset=&#8220;default&#8220; toggle_text_color=&#8220;#38ad91&#8243; toggle_font=&#8220;Poppins|600|||||||&#8220; toggle_font_size=&#8220;24px&#8220; body_font=&#8220;Poppins|300|||||||&#8220; body_text_align=&#8220;justify&#8220; body_text_color=&#8220;#3c2c17&#8243; body_font_size=&#8220;18px&#8220; width=&#8220;89%&#8220; width_tablet=&#8220;100%&#8220; width_phone=&#8220;&#8220; width_last_edited=&#8220;on|tablet&#8220; max_width=&#8220;100%&#8220; custom_margin=&#8220;|-28px||||&#8220; toggle_text_align_tablet=&#8220;center&#8220; toggle_text_align_phone=&#8220;left&#8220; toggle_text_align_last_edited=&#8220;on|phone&#8220; toggle_font_size_tablet=&#8220;&#8220; toggle_font_size_phone=&#8220;20px&#8220; toggle_font_size_last_edited=&#8220;on|phone&#8220; body_font_size_tablet=&#8220;&#8220; body_font_size_phone=&#8220;16px&#8220; body_font_size_last_edited=&#8220;on|phone&#8220; border_width_all=&#8220;0px&#8220;][et_pb_accordion_item title=&#8220;Erinnern Sie sich an Ihre Lebenskraft!&#8220; open=&#8220;on&#8220; _builder_version=&#8220;4.7.7&#8243; [&hellip;]\" \/>\n<meta property=\"og:url\" content=\"https:\/\/irisvitalis.com\/de\/5-alimentation-vivante\/\" \/>\n<meta property=\"og:site_name\" content=\"IrisVitalis\" \/>\n<meta property=\"article:modified_time\" content=\"2022-11-20T15:01:27+00:00\" \/>\n<meta name=\"twitter:card\" content=\"summary_large_image\" \/>\n<meta name=\"twitter:label1\" content=\"Gesch\u00e4tzte Lesezeit\">\n\t<meta name=\"twitter:data1\" content=\"7\u00a0Minuten\">\n<script type=\"application\/ld+json\" class=\"yoast-schema-graph\">{\"@context\":\"https:\/\/schema.org\",\"@graph\":[{\"@type\":\"WebSite\",\"@id\":\"https:\/\/irisvitalis.com\/de\/#website\",\"url\":\"https:\/\/irisvitalis.com\/de\/\",\"name\":\"IrisVitalis\",\"description\":\"Reiki, Jin Shin Jyutsu f\\u00fcr Mensch und Tier, Ern\\u00e4hrungsberatung\",\"potentialAction\":[{\"@type\":\"SearchAction\",\"target\":\"https:\/\/irisvitalis.com\/de\/?s={search_term_string}\",\"query-input\":\"required name=search_term_string\"}],\"inLanguage\":\"de\"},{\"@type\":\"WebPage\",\"@id\":\"https:\/\/irisvitalis.com\/de\/5-alimentation-vivante\/#webpage\",\"url\":\"https:\/\/irisvitalis.com\/de\/5-alimentation-vivante\/\",\"name\":\"Lebendige Ern\\u00e4hrung - IrisVitalis\",\"isPartOf\":{\"@id\":\"https:\/\/irisvitalis.com\/de\/#website\"},\"datePublished\":\"2020-12-20T17:41:51+00:00\",\"dateModified\":\"2022-11-20T15:01:27+00:00\",\"inLanguage\":\"de\",\"potentialAction\":[{\"@type\":\"ReadAction\",\"target\":[\"https:\/\/irisvitalis.com\/de\/5-alimentation-vivante\/\"]}]}]}<\/script>\n<!-- \/ Yoast SEO plugin. -->","_links":{"self":[{"href":"https:\/\/irisvitalis.com\/de\/wp-json\/wp\/v2\/pages\/3944"}],"collection":[{"href":"https:\/\/irisvitalis.com\/de\/wp-json\/wp\/v2\/pages"}],"about":[{"href":"https:\/\/irisvitalis.com\/de\/wp-json\/wp\/v2\/types\/page"}],"author":[{"embeddable":true,"href":"https:\/\/irisvitalis.com\/de\/wp-json\/wp\/v2\/users\/1"}],"replies":[{"embeddable":true,"href":"https:\/\/irisvitalis.com\/de\/wp-json\/wp\/v2\/comments?post=3944"}],"version-history":[{"count":9,"href":"https:\/\/irisvitalis.com\/de\/wp-json\/wp\/v2\/pages\/3944\/revisions"}],"predecessor-version":[{"id":4134,"href":"https:\/\/irisvitalis.com\/de\/wp-json\/wp\/v2\/pages\/3944\/revisions\/4134"}],"wp:attachment":[{"href":"https:\/\/irisvitalis.com\/de\/wp-json\/wp\/v2\/media?parent=3944"}],"curies":[{"name":"wp","href":"https:\/\/api.w.org\/{rel}","templated":true}]}}