{"id":3947,"date":"2020-03-03T12:03:37","date_gmt":"2020-03-03T12:03:37","guid":{"rendered":"https:\/\/irisvitalis.com\/?page_id=3947"},"modified":"2022-11-17T11:54:56","modified_gmt":"2022-11-17T11:54:56","slug":"datenschutzerklaerung","status":"publish","type":"page","link":"https:\/\/irisvitalis.com\/de\/datenschutzerklaerung\/","title":{"rendered":"Datenschutzerkl\u00e4rung"},"content":{"rendered":"<p>[et_pb_section fb_built=&#8220;1&#8243; admin_label=&#8220;Intro Sektion&#8220; _builder_version=&#8220;4.6.6&#8243; _module_preset=&#8220;_initial&#8220;][et_pb_row _builder_version=&#8220;4.6.6&#8243; _module_preset=&#8220;7307906e-ed01-4e9d-82a2-1b97bca50aec&#8220;][et_pb_column type=&#8220;4_4&#8243; _builder_version=&#8220;4.3.2&#8243;][et_pb_text _builder_version=&#8220;4.7.4&#8243; _module_preset=&#8220;default&#8220; header_5_text_color=&#8220;#E3B87D&#8220;]<\/p>\n<h5>Datenschutz<\/h5>\n<p>[\/et_pb_text][\/et_pb_column][\/et_pb_row][et_pb_row _builder_version=&#8220;4.6.6&#8243; _module_preset=&#8220;7307906e-ed01-4e9d-82a2-1b97bca50aec&#8220;][et_pb_column type=&#8220;4_4&#8243; _builder_version=&#8220;4.3.2&#8243;][et_pb_text _builder_version=&#8220;4.6.6&#8243; _module_preset=&#8220;default&#8220;]<\/p>\n<h4>Datenschutzerkl\u00e4rung<\/h4>\n<p class=\"p1\">nach Artikel 13 DSGVO<\/p>\n<p class=\"p1\">Wir freuen uns \u00fcber Ihr Interesse an unserem Internetauftritt. Das Vertrauen aller Besucher und Kunden, die Sicherheit Ihrer Daten und der Schutz Ihrer Privatsph\u00e4re sind f\u00fcr uns von zentraler Bedeutung.<\/p>\n<p class=\"p1\">Ihre personenbezogenen Daten werden von uns daher gem\u00e4\u00df den g\u00fcltigen gesetzlichen Datenschutzvorschriften und dieser Datenschutzerkl\u00e4rung behandelt. Personenbezogene Daten sind Informationen, die dazu genutzt werden k\u00f6nnen, um Ihre Identit\u00e4t zu erfahren. Typische personenbezogene Daten sind u.a. Name, Vorname, Adresse, Telefonnummer, IP-Adresse, Cookies und E-Mail-Adresse.<\/p>\n<p class=\"p1\">Wenn Sie unsere Webseite ansehen und benutzen oder uns anderweitig ausdr\u00fccklich Informationen \u00fcbermitteln, verarbeiten wir die Daten, die uns mit jeder Anfrage Ihres Browsers automatisch \u00fcbermittelt werden (siehe dazu den Abschnitt \u201eProtokoll-Daten\u201c). Sofern Sie uns freiwillig personenbezogene Daten \u00fcbermitteln, erfolgt die Verarbeitung ausschlie\u00dflich zweckgebunden an die Anfrage bzw. den jeweiligen Auftrag. Wir weisen Sie darauf hin, dass eine Daten\u00fcbertragung im Internet nie vollst\u00e4ndig gegen einen Zugriff durch Dritte gesch\u00fctzt werden kann.<\/p>\n<p class=\"p1\">Nachfolgend m\u00f6chten wir Ihnen in den einzelnen Abschnitten n\u00e4her erl\u00e4utern, welche Daten wir wann und zu welchem Zweck verarbeiten. Es wird erkl\u00e4rt, wie unsere angebotenen Dienste arbeiten und wie hierbei der Schutz Ihrer personenbezogenen Daten gew\u00e4hrleistet wird.<\/p>\n<p>[\/et_pb_text][\/et_pb_column][\/et_pb_row][et_pb_row _builder_version=&#8220;4.6.6&#8243; _module_preset=&#8220;7307906e-ed01-4e9d-82a2-1b97bca50aec&#8220;][et_pb_column type=&#8220;4_4&#8243; _builder_version=&#8220;4.3.2&#8243;][et_pb_text _builder_version=&#8220;4.6.6&#8243; _module_preset=&#8220;default&#8220;]<\/p>\n<h4>Kontaktaufnahme<\/h4>\n<p class=\"p1\">Bei der Kontaktaufnahme mit uns (z.B. per Kontaktformular, E-Mail, Telefon oder via sozialer Medien) werden Ihre Angaben zur Bearbeitung der Kontaktanfrage und deren Abwicklung gem. Art. 6 Abs. 1 lit. b) DSGVO (sogenannte vorvertragliche Ma\u00dfnahme) verarbeitet.<\/p>\n<p class=\"p1\">Wir l\u00f6schen die Anfragen, sofern diese nicht mehr erforderlich sind. Wir \u00fcberpr\u00fcfen diese Erforderlichkeit alle zwei Jahre. Ferner gelten die gesetzlichen Archivierungspflichten.<\/p>\n<p class=\"p4\"><span><strong>Rechtsgrundlage<br \/>\n<\/strong><\/span>Die Rechtsgrundlage der Verarbeitung dieser Daten sind sogenannte vorvertragliche Ma\u00dfnahmen gem. Art. 6 Abs. 1 lit. b) DSGVO<\/p>\n<p>[\/et_pb_text][\/et_pb_column][\/et_pb_row][et_pb_row _builder_version=&#8220;4.6.6&#8243; _module_preset=&#8220;7307906e-ed01-4e9d-82a2-1b97bca50aec&#8220;][et_pb_column type=&#8220;4_4&#8243; _builder_version=&#8220;4.3.2&#8243;][\/et_pb_column][\/et_pb_row][\/et_pb_section][et_pb_section fb_built=&#8220;1&#8243; _builder_version=&#8220;4.7.7&#8243; background_color=&#8220;#F7F6F5&#8243; custom_padding=&#8220;0px||0px||false|false&#8220; custom_padding_tablet=&#8220;0px||0px||false|false&#8220; custom_padding_phone=&#8220;0px||0px||false|false&#8220; global_module=&#8220;1683&#8243; saved_tabs=&#8220;all&#8220;][\/et_pb_section]<\/p>\n","protected":false},"excerpt":{"rendered":"<p>[et_pb_section fb_built=&#8220;1&#8243; admin_label=&#8220;Intro Sektion&#8220; _builder_version=&#8220;4.6.6&#8243; _module_preset=&#8220;_initial&#8220;][et_pb_row _builder_version=&#8220;4.6.6&#8243; _module_preset=&#8220;7307906e-ed01-4e9d-82a2-1b97bca50aec&#8220;][et_pb_column type=&#8220;4_4&#8243; _builder_version=&#8220;4.3.2&#8243;][et_pb_text _builder_version=&#8220;4.7.4&#8243; _module_preset=&#8220;default&#8220; header_5_text_color=&#8220;#E3B87D&#8220;] Datenschutz [\/et_pb_text][\/et_pb_column][\/et_pb_row][et_pb_row _builder_version=&#8220;4.6.6&#8243; _module_preset=&#8220;7307906e-ed01-4e9d-82a2-1b97bca50aec&#8220;][et_pb_column type=&#8220;4_4&#8243; _builder_version=&#8220;4.3.2&#8243;][et_pb_text _builder_version=&#8220;4.6.6&#8243; _module_preset=&#8220;default&#8220;] Datenschutzerkl\u00e4rung nach Artikel 13 DSGVO Wir freuen uns \u00fcber Ihr Interesse an unserem Internetauftritt. Das Vertrauen aller Besucher und Kunden, die Sicherheit Ihrer Daten und der Schutz Ihrer Privatsph\u00e4re sind f\u00fcr uns von zentraler [&hellip;]<\/p>\n","protected":false},"author":1,"featured_media":0,"parent":0,"menu_order":0,"comment_status":"closed","ping_status":"closed","template":"","meta":{"_et_pb_use_builder":"on","_et_pb_old_content":"","_et_gb_content_width":"","footnotes":""},"yoast_head":"<!-- This site is optimized with the Yoast SEO plugin v15.5 - https:\/\/yoast.com\/wordpress\/plugins\/seo\/ -->\n<title>Datenschutzerkl\u00e4rung - IrisVitalis<\/title>\n<meta name=\"robots\" content=\"index, follow, max-snippet:-1, max-image-preview:large, max-video-preview:-1\" \/>\n<link rel=\"canonical\" href=\"https:\/\/irisvitalis.com\/de\/datenschutzerklaerung\/\" \/>\n<meta property=\"og:locale\" content=\"de_DE\" \/>\n<meta property=\"og:type\" content=\"article\" \/>\n<meta property=\"og:title\" content=\"Datenschutzerkl\u00e4rung - IrisVitalis\" \/>\n<meta property=\"og:description\" content=\"[et_pb_section fb_built=&#8220;1&#8243; admin_label=&#8220;Intro Sektion&#8220; _builder_version=&#8220;4.6.6&#8243; _module_preset=&#8220;_initial&#8220;][et_pb_row _builder_version=&#8220;4.6.6&#8243; _module_preset=&#8220;7307906e-ed01-4e9d-82a2-1b97bca50aec&#8220;][et_pb_column type=&#8220;4_4&#8243; _builder_version=&#8220;4.3.2&#8243;][et_pb_text _builder_version=&#8220;4.7.4&#8243; _module_preset=&#8220;default&#8220; header_5_text_color=&#8220;#E3B87D&#8220;] Datenschutz [\/et_pb_text][\/et_pb_column][\/et_pb_row][et_pb_row _builder_version=&#8220;4.6.6&#8243; _module_preset=&#8220;7307906e-ed01-4e9d-82a2-1b97bca50aec&#8220;][et_pb_column type=&#8220;4_4&#8243; _builder_version=&#8220;4.3.2&#8243;][et_pb_text _builder_version=&#8220;4.6.6&#8243; _module_preset=&#8220;default&#8220;] Datenschutzerkl\u00e4rung nach Artikel 13 DSGVO Wir freuen uns \u00fcber Ihr Interesse an unserem Internetauftritt. Das Vertrauen aller Besucher und Kunden, die Sicherheit Ihrer Daten und der Schutz Ihrer Privatsph\u00e4re sind f\u00fcr uns von zentraler [&hellip;]\" \/>\n<meta property=\"og:url\" content=\"https:\/\/irisvitalis.com\/de\/datenschutzerklaerung\/\" \/>\n<meta property=\"og:site_name\" content=\"IrisVitalis\" \/>\n<meta property=\"article:modified_time\" content=\"2022-11-17T11:54:56+00:00\" \/>\n<meta name=\"twitter:card\" content=\"summary_large_image\" \/>\n<meta name=\"twitter:label1\" content=\"Gesch\u00e4tzte Lesezeit\">\n\t<meta name=\"twitter:data1\" content=\"2\u00a0Minuten\">\n<script type=\"application\/ld+json\" class=\"yoast-schema-graph\">{\"@context\":\"https:\/\/schema.org\",\"@graph\":[{\"@type\":\"WebSite\",\"@id\":\"https:\/\/irisvitalis.com\/de\/#website\",\"url\":\"https:\/\/irisvitalis.com\/de\/\",\"name\":\"IrisVitalis\",\"description\":\"Reiki, Jin Shin Jyutsu f\\u00fcr Mensch und Tier, Ern\\u00e4hrungsberatung\",\"potentialAction\":[{\"@type\":\"SearchAction\",\"target\":\"https:\/\/irisvitalis.com\/de\/?s={search_term_string}\",\"query-input\":\"required name=search_term_string\"}],\"inLanguage\":\"de\"},{\"@type\":\"WebPage\",\"@id\":\"https:\/\/irisvitalis.com\/de\/datenschutzerklaerung\/#webpage\",\"url\":\"https:\/\/irisvitalis.com\/de\/datenschutzerklaerung\/\",\"name\":\"Datenschutzerkl\\u00e4rung - IrisVitalis\",\"isPartOf\":{\"@id\":\"https:\/\/irisvitalis.com\/de\/#website\"},\"datePublished\":\"2020-03-03T12:03:37+00:00\",\"dateModified\":\"2022-11-17T11:54:56+00:00\",\"inLanguage\":\"de\",\"potentialAction\":[{\"@type\":\"ReadAction\",\"target\":[\"https:\/\/irisvitalis.com\/de\/datenschutzerklaerung\/\"]}]}]}<\/script>\n<!-- \/ Yoast SEO plugin. -->","_links":{"self":[{"href":"https:\/\/irisvitalis.com\/de\/wp-json\/wp\/v2\/pages\/3947"}],"collection":[{"href":"https:\/\/irisvitalis.com\/de\/wp-json\/wp\/v2\/pages"}],"about":[{"href":"https:\/\/irisvitalis.com\/de\/wp-json\/wp\/v2\/types\/page"}],"author":[{"embeddable":true,"href":"https:\/\/irisvitalis.com\/de\/wp-json\/wp\/v2\/users\/1"}],"replies":[{"embeddable":true,"href":"https:\/\/irisvitalis.com\/de\/wp-json\/wp\/v2\/comments?post=3947"}],"version-history":[{"count":1,"href":"https:\/\/irisvitalis.com\/de\/wp-json\/wp\/v2\/pages\/3947\/revisions"}],"predecessor-version":[{"id":3952,"href":"https:\/\/irisvitalis.com\/de\/wp-json\/wp\/v2\/pages\/3947\/revisions\/3952"}],"wp:attachment":[{"href":"https:\/\/irisvitalis.com\/de\/wp-json\/wp\/v2\/media?parent=3947"}],"curies":[{"name":"wp","href":"https:\/\/api.w.org\/{rel}","templated":true}]}}